{"id":5583,"date":"2025-12-05T19:52:57","date_gmt":"2025-12-05T22:52:57","guid":{"rendered":"https:\/\/www.hessmay.cl\/?post_type=product&#038;p=5583"},"modified":"2025-12-05T20:08:59","modified_gmt":"2025-12-05T23:08:59","slug":"control-de-tiempo-y-produccion-ts-220","status":"publish","type":"product","link":"https:\/\/www.hessmay.cl\/index.php\/producto\/control-de-tiempo-y-produccion-ts-220\/","title":{"rendered":"RELOJ  ESTAMPADOR HORA FECHA MODELO TS-220"},"content":{"rendered":"","protected":false},"excerpt":{"rendered":"<p>Reloj\u00a0 Estampador Hora, Fecha, Modelo <strong>TS-220, <\/strong>para el<br \/>\nControl de Tiempos de Producci\u00f3n, Correspondencia, Transporte y Estacionamientos,<br \/>\nElectr\u00f3nico, Display d\u00edgital, f\u00e1cil operaci\u00f3n<br \/>\n<strong>Imprime fecha, hora y minuto<br \/>\n<\/strong>Cambio autom\u00e1tico de hora invierno \/ verano<br \/>\nAjuste autom\u00e1tico de meses con menos de 31 d\u00edas<br \/>\n<strong>Chip y componentes electr\u00f3nicos de procedencia Japonesa<br \/>\n<\/strong>Sistema de impresi\u00f3n con matriz de punto de alta velocidad, cinta en Catridge<br \/>\nRespaldo de programaci\u00f3n por cortes de energ\u00eda ( 2 a\u00f1os )<br \/>\nImpresi\u00f3n manual o autom\u00e1tica<br \/>\nImprime planillas, facturas, documentos, ordenes de trabajo, sobres, etc.&#8221;espesor m\u00e1ximo 2 m\/m&#8221;.<br \/>\n<strong>Ideal para Oficina de Partes, l\u00edneas de producci\u00f3n, conteo de procesos, etc.<br \/>\n<\/strong>Dimensiones 145\/ 120\/ 100 mm.<\/p>\n<p><strong>Incluye :<br \/>\n<\/strong>Servicio T\u00e9cnico exclusivo \/\u00a0Entrega Inmediata<br \/>\n<strong>1 A\u00f1o de Garant\u00eda<\/strong><\/p>\n","protected":false},"featured_media":5585,"comment_status":"open","ping_status":"closed","template":"","meta":{"_joinchat":{"message_text":"Necesitas consultar por {PRODUCT}"}},"product_brand":[],"product_cat":[38],"product_tag":[],"class_list":{"0":"post-5583","1":"product","2":"type-product","3":"status-publish","4":"has-post-thumbnail","6":"product_cat-control-tiempo-produccion","8":"first","9":"instock","10":"shipping-taxable","11":"product-type-simple"},"yoast_head":"<!-- This site is optimized with the Yoast SEO plugin v26.4 - https:\/\/yoast.com\/wordpress\/plugins\/seo\/ -->\n<title>RELOJ ESTAMPADOR HORA FECHA MODELO TS-220<\/title>\n<meta name=\"robots\" content=\"index, follow, max-snippet:-1, max-image-preview:large, max-video-preview:-1\" \/>\n<link rel=\"canonical\" href=\"https:\/\/www.hessmay.cl\/index.php\/producto\/control-de-tiempo-y-produccion-ts-220\/\" \/>\n<meta property=\"og:locale\" content=\"es_ES\" \/>\n<meta property=\"og:type\" content=\"article\" \/>\n<meta property=\"og:title\" content=\"RELOJ ESTAMPADOR HORA FECHA MODELO TS-220\" \/>\n<meta property=\"og:description\" content=\"Reloj\u00a0 Estampador Hora, Fecha, Modelo TS-220, para el Control de Tiempos de Producci\u00f3n, Correspondencia, Transporte y Estacionamientos, Electr\u00f3nico, Display d\u00edgital, f\u00e1cil operaci\u00f3n Imprime fecha, hora y minuto Cambio autom\u00e1tico de hora invierno \/ verano Ajuste autom\u00e1tico de meses con menos de 31 d\u00edas Chip y componentes electr\u00f3nicos de procedencia Japonesa Sistema de impresi\u00f3n con matriz de punto de alta velocidad, cinta en Catridge Respaldo de programaci\u00f3n por cortes de energ\u00eda ( 2 a\u00f1os ) Impresi\u00f3n manual o autom\u00e1tica Imprime planillas, facturas, documentos, ordenes de trabajo, sobres, etc.&quot;espesor m\u00e1ximo 2 m\/m&quot;. Ideal para Oficina de Partes, l\u00edneas de producci\u00f3n, conteo de procesos, etc. Dimensiones 145\/ 120\/ 100 mm.  Incluye : Servicio T\u00e9cnico exclusivo \/\u00a0Entrega Inmediata 1 A\u00f1o de Garant\u00eda\" \/>\n<meta property=\"og:url\" content=\"https:\/\/www.hessmay.cl\/index.php\/producto\/control-de-tiempo-y-produccion-ts-220\/\" \/>\n<meta property=\"og:site_name\" content=\"Hessmay, Reloj Control de asistencia, Reloj control de Guardias, Control por Geolocalizaci\u00f3n, Control de Guardias,\" \/>\n<meta property=\"article:publisher\" content=\"https:\/\/www.instagram.com\/hessmay_\/\" \/>\n<meta property=\"article:modified_time\" content=\"2025-12-05T23:08:59+00:00\" \/>\n<meta property=\"og:image\" content=\"https:\/\/www.hessmay.cl\/wp-content\/uploads\/2025\/12\/TS-220S.jpg\" \/>\n\t<meta property=\"og:image:width\" content=\"403\" \/>\n\t<meta property=\"og:image:height\" content=\"383\" \/>\n\t<meta property=\"og:image:type\" content=\"image\/jpeg\" \/>\n<meta name=\"twitter:card\" content=\"summary_large_image\" \/>\n<script type=\"application\/ld+json\" class=\"yoast-schema-graph\">{\"@context\":\"https:\/\/schema.org\",\"@graph\":[{\"@type\":\"WebPage\",\"@id\":\"https:\/\/www.hessmay.cl\/index.php\/producto\/control-de-tiempo-y-produccion-ts-220\/\",\"url\":\"https:\/\/www.hessmay.cl\/index.php\/producto\/control-de-tiempo-y-produccion-ts-220\/\",\"name\":\"RELOJ ESTAMPADOR HORA FECHA MODELO TS-220\",\"isPartOf\":{\"@id\":\"https:\/\/www.hessmay.cl\/#website\"},\"primaryImageOfPage\":{\"@id\":\"https:\/\/www.hessmay.cl\/index.php\/producto\/control-de-tiempo-y-produccion-ts-220\/#primaryimage\"},\"image\":{\"@id\":\"https:\/\/www.hessmay.cl\/index.php\/producto\/control-de-tiempo-y-produccion-ts-220\/#primaryimage\"},\"thumbnailUrl\":\"https:\/\/www.hessmay.cl\/wp-content\/uploads\/2025\/12\/TS-220S.jpg\",\"datePublished\":\"2025-12-05T22:52:57+00:00\",\"dateModified\":\"2025-12-05T23:08:59+00:00\",\"breadcrumb\":{\"@id\":\"https:\/\/www.hessmay.cl\/index.php\/producto\/control-de-tiempo-y-produccion-ts-220\/#breadcrumb\"},\"inLanguage\":\"es-CL\",\"potentialAction\":[{\"@type\":\"ReadAction\",\"target\":[\"https:\/\/www.hessmay.cl\/index.php\/producto\/control-de-tiempo-y-produccion-ts-220\/\"]}]},{\"@type\":\"ImageObject\",\"inLanguage\":\"es-CL\",\"@id\":\"https:\/\/www.hessmay.cl\/index.php\/producto\/control-de-tiempo-y-produccion-ts-220\/#primaryimage\",\"url\":\"https:\/\/www.hessmay.cl\/wp-content\/uploads\/2025\/12\/TS-220S.jpg\",\"contentUrl\":\"https:\/\/www.hessmay.cl\/wp-content\/uploads\/2025\/12\/TS-220S.jpg\",\"width\":403,\"height\":383},{\"@type\":\"BreadcrumbList\",\"@id\":\"https:\/\/www.hessmay.cl\/index.php\/producto\/control-de-tiempo-y-produccion-ts-220\/#breadcrumb\",\"itemListElement\":[{\"@type\":\"ListItem\",\"position\":1,\"name\":\"Home\",\"item\":\"https:\/\/www.hessmay.cl\/\"},{\"@type\":\"ListItem\",\"position\":2,\"name\":\"Shop\",\"item\":\"https:\/\/www.hessmay.cl\/index.php\/shop\/\"},{\"@type\":\"ListItem\",\"position\":3,\"name\":\"RELOJ ESTAMPADOR HORA FECHA MODELO TS-220\"}]},{\"@type\":\"WebSite\",\"@id\":\"https:\/\/www.hessmay.cl\/#website\",\"url\":\"https:\/\/www.hessmay.cl\/\",\"name\":\"Hessmay, Reloj Control de asistencia, Reloj control de Guardias, Control por Geolocalizaci\u00f3n, Control de Guardias,\",\"description\":\"Sistemas de control de personal\",\"publisher\":{\"@id\":\"https:\/\/www.hessmay.cl\/#organization\"},\"potentialAction\":[{\"@type\":\"SearchAction\",\"target\":{\"@type\":\"EntryPoint\",\"urlTemplate\":\"https:\/\/www.hessmay.cl\/?s={search_term_string}\"},\"query-input\":{\"@type\":\"PropertyValueSpecification\",\"valueRequired\":true,\"valueName\":\"search_term_string\"}}],\"inLanguage\":\"es-CL\"},{\"@type\":\"Organization\",\"@id\":\"https:\/\/www.hessmay.cl\/#organization\",\"name\":\"Hessmay, Reloj Control de asistencia, Reloj control de Guardias, Control por Geolocalizaci\u00f3n, Control de Guardias,\",\"url\":\"https:\/\/www.hessmay.cl\/\",\"logo\":{\"@type\":\"ImageObject\",\"inLanguage\":\"es-CL\",\"@id\":\"https:\/\/www.hessmay.cl\/#\/schema\/logo\/image\/\",\"url\":\"https:\/\/www.hessmay.cl\/wp-content\/uploads\/2024\/01\/logoHM01.png\",\"contentUrl\":\"https:\/\/www.hessmay.cl\/wp-content\/uploads\/2024\/01\/logoHM01.png\",\"width\":403,\"height\":190,\"caption\":\"Hessmay, Reloj Control de asistencia, Reloj control de Guardias, Control por Geolocalizaci\u00f3n, Control de Guardias,\"},\"image\":{\"@id\":\"https:\/\/www.hessmay.cl\/#\/schema\/logo\/image\/\"},\"sameAs\":[\"https:\/\/www.instagram.com\/hessmay_\/\"]}]}<\/script>\n<!-- \/ Yoast SEO plugin. -->","yoast_head_json":{"title":"RELOJ ESTAMPADOR HORA FECHA MODELO TS-220","robots":{"index":"index","follow":"follow","max-snippet":"max-snippet:-1","max-image-preview":"max-image-preview:large","max-video-preview":"max-video-preview:-1"},"canonical":"https:\/\/www.hessmay.cl\/index.php\/producto\/control-de-tiempo-y-produccion-ts-220\/","og_locale":"es_ES","og_type":"article","og_title":"RELOJ ESTAMPADOR HORA FECHA MODELO TS-220","og_description":"Reloj\u00a0 Estampador Hora, Fecha, Modelo TS-220, para el Control de Tiempos de Producci\u00f3n, Correspondencia, Transporte y Estacionamientos, Electr\u00f3nico, Display d\u00edgital, f\u00e1cil operaci\u00f3n Imprime fecha, hora y minuto Cambio autom\u00e1tico de hora invierno \/ verano Ajuste autom\u00e1tico de meses con menos de 31 d\u00edas Chip y componentes electr\u00f3nicos de procedencia Japonesa Sistema de impresi\u00f3n con matriz de punto de alta velocidad, cinta en Catridge Respaldo de programaci\u00f3n por cortes de energ\u00eda ( 2 a\u00f1os ) Impresi\u00f3n manual o autom\u00e1tica Imprime planillas, facturas, documentos, ordenes de trabajo, sobres, etc.\"espesor m\u00e1ximo 2 m\/m\". Ideal para Oficina de Partes, l\u00edneas de producci\u00f3n, conteo de procesos, etc. Dimensiones 145\/ 120\/ 100 mm.  Incluye : Servicio T\u00e9cnico exclusivo \/\u00a0Entrega Inmediata 1 A\u00f1o de Garant\u00eda","og_url":"https:\/\/www.hessmay.cl\/index.php\/producto\/control-de-tiempo-y-produccion-ts-220\/","og_site_name":"Hessmay, Reloj Control de asistencia, Reloj control de Guardias, Control por Geolocalizaci\u00f3n, Control de Guardias,","article_publisher":"https:\/\/www.instagram.com\/hessmay_\/","article_modified_time":"2025-12-05T23:08:59+00:00","og_image":[{"width":403,"height":383,"url":"https:\/\/www.hessmay.cl\/wp-content\/uploads\/2025\/12\/TS-220S.jpg","type":"image\/jpeg"}],"twitter_card":"summary_large_image","schema":{"@context":"https:\/\/schema.org","@graph":[{"@type":"WebPage","@id":"https:\/\/www.hessmay.cl\/index.php\/producto\/control-de-tiempo-y-produccion-ts-220\/","url":"https:\/\/www.hessmay.cl\/index.php\/producto\/control-de-tiempo-y-produccion-ts-220\/","name":"RELOJ ESTAMPADOR HORA FECHA MODELO TS-220","isPartOf":{"@id":"https:\/\/www.hessmay.cl\/#website"},"primaryImageOfPage":{"@id":"https:\/\/www.hessmay.cl\/index.php\/producto\/control-de-tiempo-y-produccion-ts-220\/#primaryimage"},"image":{"@id":"https:\/\/www.hessmay.cl\/index.php\/producto\/control-de-tiempo-y-produccion-ts-220\/#primaryimage"},"thumbnailUrl":"https:\/\/www.hessmay.cl\/wp-content\/uploads\/2025\/12\/TS-220S.jpg","datePublished":"2025-12-05T22:52:57+00:00","dateModified":"2025-12-05T23:08:59+00:00","breadcrumb":{"@id":"https:\/\/www.hessmay.cl\/index.php\/producto\/control-de-tiempo-y-produccion-ts-220\/#breadcrumb"},"inLanguage":"es-CL","potentialAction":[{"@type":"ReadAction","target":["https:\/\/www.hessmay.cl\/index.php\/producto\/control-de-tiempo-y-produccion-ts-220\/"]}]},{"@type":"ImageObject","inLanguage":"es-CL","@id":"https:\/\/www.hessmay.cl\/index.php\/producto\/control-de-tiempo-y-produccion-ts-220\/#primaryimage","url":"https:\/\/www.hessmay.cl\/wp-content\/uploads\/2025\/12\/TS-220S.jpg","contentUrl":"https:\/\/www.hessmay.cl\/wp-content\/uploads\/2025\/12\/TS-220S.jpg","width":403,"height":383},{"@type":"BreadcrumbList","@id":"https:\/\/www.hessmay.cl\/index.php\/producto\/control-de-tiempo-y-produccion-ts-220\/#breadcrumb","itemListElement":[{"@type":"ListItem","position":1,"name":"Home","item":"https:\/\/www.hessmay.cl\/"},{"@type":"ListItem","position":2,"name":"Shop","item":"https:\/\/www.hessmay.cl\/index.php\/shop\/"},{"@type":"ListItem","position":3,"name":"RELOJ ESTAMPADOR HORA FECHA MODELO TS-220"}]},{"@type":"WebSite","@id":"https:\/\/www.hessmay.cl\/#website","url":"https:\/\/www.hessmay.cl\/","name":"Hessmay, Reloj Control de asistencia, Reloj control de Guardias, Control por Geolocalizaci\u00f3n, Control de Guardias,","description":"Sistemas de control de personal","publisher":{"@id":"https:\/\/www.hessmay.cl\/#organization"},"potentialAction":[{"@type":"SearchAction","target":{"@type":"EntryPoint","urlTemplate":"https:\/\/www.hessmay.cl\/?s={search_term_string}"},"query-input":{"@type":"PropertyValueSpecification","valueRequired":true,"valueName":"search_term_string"}}],"inLanguage":"es-CL"},{"@type":"Organization","@id":"https:\/\/www.hessmay.cl\/#organization","name":"Hessmay, Reloj Control de asistencia, Reloj control de Guardias, Control por Geolocalizaci\u00f3n, Control de Guardias,","url":"https:\/\/www.hessmay.cl\/","logo":{"@type":"ImageObject","inLanguage":"es-CL","@id":"https:\/\/www.hessmay.cl\/#\/schema\/logo\/image\/","url":"https:\/\/www.hessmay.cl\/wp-content\/uploads\/2024\/01\/logoHM01.png","contentUrl":"https:\/\/www.hessmay.cl\/wp-content\/uploads\/2024\/01\/logoHM01.png","width":403,"height":190,"caption":"Hessmay, Reloj Control de asistencia, Reloj control de Guardias, Control por Geolocalizaci\u00f3n, Control de Guardias,"},"image":{"@id":"https:\/\/www.hessmay.cl\/#\/schema\/logo\/image\/"},"sameAs":["https:\/\/www.instagram.com\/hessmay_\/"]}]}},"_links":{"self":[{"href":"https:\/\/www.hessmay.cl\/index.php\/wp-json\/wp\/v2\/product\/5583","targetHints":{"allow":["GET"]}}],"collection":[{"href":"https:\/\/www.hessmay.cl\/index.php\/wp-json\/wp\/v2\/product"}],"about":[{"href":"https:\/\/www.hessmay.cl\/index.php\/wp-json\/wp\/v2\/types\/product"}],"replies":[{"embeddable":true,"href":"https:\/\/www.hessmay.cl\/index.php\/wp-json\/wp\/v2\/comments?post=5583"}],"wp:featuredmedia":[{"embeddable":true,"href":"https:\/\/www.hessmay.cl\/index.php\/wp-json\/wp\/v2\/media\/5585"}],"wp:attachment":[{"href":"https:\/\/www.hessmay.cl\/index.php\/wp-json\/wp\/v2\/media?parent=5583"}],"wp:term":[{"taxonomy":"product_brand","embeddable":true,"href":"https:\/\/www.hessmay.cl\/index.php\/wp-json\/wp\/v2\/product_brand?post=5583"},{"taxonomy":"product_cat","embeddable":true,"href":"https:\/\/www.hessmay.cl\/index.php\/wp-json\/wp\/v2\/product_cat?post=5583"},{"taxonomy":"product_tag","embeddable":true,"href":"https:\/\/www.hessmay.cl\/index.php\/wp-json\/wp\/v2\/product_tag?post=5583"}],"curies":[{"name":"wp","href":"https:\/\/api.w.org\/{rel}","templated":true}]}}