{"id":4859,"date":"2024-01-01T16:52:40","date_gmt":"2024-01-01T19:52:40","guid":{"rendered":"https:\/\/www.grupocomunicacional.cl\/hessmay_web\/product\/protectora-de-cheques-ec-55-copy\/"},"modified":"2025-11-21T15:09:21","modified_gmt":"2025-11-21T18:09:21","slug":"contadora-de-billetes-tc-150","status":"publish","type":"product","link":"https:\/\/www.hessmay.cl\/index.php\/producto\/contadora-de-billetes-tc-150\/","title":{"rendered":"CONTADORA DE BILLETES TC-2900"},"content":{"rendered":"","protected":false},"excerpt":{"rendered":"<p><strong>Contadora de Billetes, Modelo TC-2900, <\/strong>procedencia japonesa<strong>, Alta calidad<br \/>\n<\/strong>Visores frontal, lateral y remoto<br \/>\n<strong>Velocidad de conteo 1500 billetes por minuto<\/strong>, capacidad<br \/>\nde la tolva\u00a0<strong>200 billetes<\/strong>, Panel de control con n\u00fameros visibles <strong>9 digitos<br \/>\n<\/strong>Conteo individual, continuo o por grupos<br \/>\n<strong>Detecci\u00f3n Billetes Falsos UV, Magn\u00e9tica<\/strong>, billetes dobles o partidos<br \/>\nArranque autom\u00e1tico o manual, rango espesor papel 0.08 a 0.15 mm.<br \/>\nRango tama\u00f1o papel 50&#215;100 mm a 100&#215;185 mm<br \/>\nConsumo 75 watts<br \/>\n<strong>Ideal para Bancos, Comercio e Industrias<br \/>\n<\/strong>Dimensiones 300 \/ 280 \/ 195 mm.<br \/>\nPeso 6.5 Kg.<\/p>\n<p><strong>Incluye :<br \/>\n<\/strong>Servicio T\u00e9cnico exclusivo \/\u00a0Entrega inmediata<br \/>\n<strong>1 A\u00f1o de Garant\u00eda<\/strong><\/p>\n","protected":false},"featured_media":5210,"comment_status":"open","ping_status":"closed","template":"","meta":{"_joinchat":{"telephone":"+56962351451","message_text":"Necesitas consultar por {PRODUCT}"}},"product_brand":[],"product_cat":[63],"product_tag":[],"class_list":{"0":"post-4859","1":"product","2":"type-product","3":"status-publish","4":"has-post-thumbnail","6":"product_cat-protectora-de-cheques","8":"first","9":"instock","10":"shipping-taxable","11":"product-type-simple"},"yoast_head":"<!-- This site is optimized with the Yoast SEO plugin v26.4 - https:\/\/yoast.com\/wordpress\/plugins\/seo\/ -->\n<title>CONTADORA DE BILLETES TC-2900<\/title>\n<meta name=\"robots\" content=\"index, follow, max-snippet:-1, max-image-preview:large, max-video-preview:-1\" \/>\n<link rel=\"canonical\" href=\"https:\/\/www.hessmay.cl\/index.php\/producto\/contadora-de-billetes-tc-150\/\" \/>\n<meta property=\"og:locale\" content=\"es_ES\" \/>\n<meta property=\"og:type\" content=\"article\" \/>\n<meta property=\"og:title\" content=\"CONTADORA DE BILLETES TC-2900\" \/>\n<meta property=\"og:description\" content=\"Contadora de Billetes, Modelo TC-2900, procedencia japonesa, Alta calidad Visores frontal, lateral y remoto Velocidad de conteo 1500 billetes por minuto, capacidad de la tolva\u00a0200 billetes, Panel de control con n\u00fameros visibles 9 digitos Conteo individual, continuo o por grupos Detecci\u00f3n Billetes Falsos UV, Magn\u00e9tica, billetes dobles o partidos Arranque autom\u00e1tico o manual, rango espesor papel 0.08 a 0.15 mm. Rango tama\u00f1o papel 50x100 mm a 100x185 mm Consumo 75 watts Ideal para Bancos, Comercio e Industrias Dimensiones 300 \/ 280 \/ 195 mm. Peso 6.5 Kg.  Incluye : Servicio T\u00e9cnico exclusivo \/\u00a0Entrega inmediata 1 A\u00f1o de Garant\u00eda\" \/>\n<meta property=\"og:url\" content=\"https:\/\/www.hessmay.cl\/index.php\/producto\/contadora-de-billetes-tc-150\/\" \/>\n<meta property=\"og:site_name\" content=\"Hessmay, Reloj Control de asistencia, Reloj control de Guardias, Control por Geolocalizaci\u00f3n, Control de Guardias,\" \/>\n<meta property=\"article:publisher\" content=\"https:\/\/www.instagram.com\/hessmay_\/\" \/>\n<meta property=\"article:modified_time\" content=\"2025-11-21T18:09:21+00:00\" \/>\n<meta property=\"og:image\" content=\"https:\/\/www.hessmay.cl\/wp-content\/uploads\/2024\/01\/TC_900x900_2900-1.jpg\" \/>\n\t<meta property=\"og:image:width\" content=\"900\" \/>\n\t<meta property=\"og:image:height\" content=\"900\" \/>\n\t<meta property=\"og:image:type\" content=\"image\/jpeg\" \/>\n<meta name=\"twitter:card\" content=\"summary_large_image\" \/>\n<meta name=\"twitter:label1\" content=\"Tiempo estimado de lectura\" \/>\n\t<meta name=\"twitter:data1\" content=\"1 minuto\" \/>\n<script type=\"application\/ld+json\" class=\"yoast-schema-graph\">{\"@context\":\"https:\/\/schema.org\",\"@graph\":[{\"@type\":\"WebPage\",\"@id\":\"https:\/\/www.hessmay.cl\/index.php\/producto\/contadora-de-billetes-tc-150\/\",\"url\":\"https:\/\/www.hessmay.cl\/index.php\/producto\/contadora-de-billetes-tc-150\/\",\"name\":\"CONTADORA DE BILLETES TC-2900\",\"isPartOf\":{\"@id\":\"https:\/\/www.hessmay.cl\/#website\"},\"primaryImageOfPage\":{\"@id\":\"https:\/\/www.hessmay.cl\/index.php\/producto\/contadora-de-billetes-tc-150\/#primaryimage\"},\"image\":{\"@id\":\"https:\/\/www.hessmay.cl\/index.php\/producto\/contadora-de-billetes-tc-150\/#primaryimage\"},\"thumbnailUrl\":\"https:\/\/www.hessmay.cl\/wp-content\/uploads\/2024\/01\/TC_900x900_2900-1.jpg\",\"datePublished\":\"2024-01-01T19:52:40+00:00\",\"dateModified\":\"2025-11-21T18:09:21+00:00\",\"breadcrumb\":{\"@id\":\"https:\/\/www.hessmay.cl\/index.php\/producto\/contadora-de-billetes-tc-150\/#breadcrumb\"},\"inLanguage\":\"es-CL\",\"potentialAction\":[{\"@type\":\"ReadAction\",\"target\":[\"https:\/\/www.hessmay.cl\/index.php\/producto\/contadora-de-billetes-tc-150\/\"]}]},{\"@type\":\"ImageObject\",\"inLanguage\":\"es-CL\",\"@id\":\"https:\/\/www.hessmay.cl\/index.php\/producto\/contadora-de-billetes-tc-150\/#primaryimage\",\"url\":\"https:\/\/www.hessmay.cl\/wp-content\/uploads\/2024\/01\/TC_900x900_2900-1.jpg\",\"contentUrl\":\"https:\/\/www.hessmay.cl\/wp-content\/uploads\/2024\/01\/TC_900x900_2900-1.jpg\",\"width\":900,\"height\":900},{\"@type\":\"BreadcrumbList\",\"@id\":\"https:\/\/www.hessmay.cl\/index.php\/producto\/contadora-de-billetes-tc-150\/#breadcrumb\",\"itemListElement\":[{\"@type\":\"ListItem\",\"position\":1,\"name\":\"Home\",\"item\":\"https:\/\/www.hessmay.cl\/\"},{\"@type\":\"ListItem\",\"position\":2,\"name\":\"Shop\",\"item\":\"https:\/\/www.hessmay.cl\/index.php\/shop\/\"},{\"@type\":\"ListItem\",\"position\":3,\"name\":\"CONTADORA DE BILLETES TC-2900\"}]},{\"@type\":\"WebSite\",\"@id\":\"https:\/\/www.hessmay.cl\/#website\",\"url\":\"https:\/\/www.hessmay.cl\/\",\"name\":\"Hessmay, Reloj Control de asistencia, Reloj control de Guardias, Control por Geolocalizaci\u00f3n, Control de Guardias,\",\"description\":\"Sistemas de control de personal\",\"publisher\":{\"@id\":\"https:\/\/www.hessmay.cl\/#organization\"},\"potentialAction\":[{\"@type\":\"SearchAction\",\"target\":{\"@type\":\"EntryPoint\",\"urlTemplate\":\"https:\/\/www.hessmay.cl\/?s={search_term_string}\"},\"query-input\":{\"@type\":\"PropertyValueSpecification\",\"valueRequired\":true,\"valueName\":\"search_term_string\"}}],\"inLanguage\":\"es-CL\"},{\"@type\":\"Organization\",\"@id\":\"https:\/\/www.hessmay.cl\/#organization\",\"name\":\"Hessmay, Reloj Control de asistencia, Reloj control de Guardias, Control por Geolocalizaci\u00f3n, Control de Guardias,\",\"url\":\"https:\/\/www.hessmay.cl\/\",\"logo\":{\"@type\":\"ImageObject\",\"inLanguage\":\"es-CL\",\"@id\":\"https:\/\/www.hessmay.cl\/#\/schema\/logo\/image\/\",\"url\":\"https:\/\/www.hessmay.cl\/wp-content\/uploads\/2024\/01\/logoHM01.png\",\"contentUrl\":\"https:\/\/www.hessmay.cl\/wp-content\/uploads\/2024\/01\/logoHM01.png\",\"width\":403,\"height\":190,\"caption\":\"Hessmay, Reloj Control de asistencia, Reloj control de Guardias, Control por Geolocalizaci\u00f3n, Control de Guardias,\"},\"image\":{\"@id\":\"https:\/\/www.hessmay.cl\/#\/schema\/logo\/image\/\"},\"sameAs\":[\"https:\/\/www.instagram.com\/hessmay_\/\"]}]}<\/script>\n<!-- \/ Yoast SEO plugin. -->","yoast_head_json":{"title":"CONTADORA DE BILLETES TC-2900","robots":{"index":"index","follow":"follow","max-snippet":"max-snippet:-1","max-image-preview":"max-image-preview:large","max-video-preview":"max-video-preview:-1"},"canonical":"https:\/\/www.hessmay.cl\/index.php\/producto\/contadora-de-billetes-tc-150\/","og_locale":"es_ES","og_type":"article","og_title":"CONTADORA DE BILLETES TC-2900","og_description":"Contadora de Billetes, Modelo TC-2900, procedencia japonesa, Alta calidad Visores frontal, lateral y remoto Velocidad de conteo 1500 billetes por minuto, capacidad de la tolva\u00a0200 billetes, Panel de control con n\u00fameros visibles 9 digitos Conteo individual, continuo o por grupos Detecci\u00f3n Billetes Falsos UV, Magn\u00e9tica, billetes dobles o partidos Arranque autom\u00e1tico o manual, rango espesor papel 0.08 a 0.15 mm. Rango tama\u00f1o papel 50x100 mm a 100x185 mm Consumo 75 watts Ideal para Bancos, Comercio e Industrias Dimensiones 300 \/ 280 \/ 195 mm. Peso 6.5 Kg.  Incluye : Servicio T\u00e9cnico exclusivo \/\u00a0Entrega inmediata 1 A\u00f1o de Garant\u00eda","og_url":"https:\/\/www.hessmay.cl\/index.php\/producto\/contadora-de-billetes-tc-150\/","og_site_name":"Hessmay, Reloj Control de asistencia, Reloj control de Guardias, Control por Geolocalizaci\u00f3n, Control de Guardias,","article_publisher":"https:\/\/www.instagram.com\/hessmay_\/","article_modified_time":"2025-11-21T18:09:21+00:00","og_image":[{"width":900,"height":900,"url":"https:\/\/www.hessmay.cl\/wp-content\/uploads\/2024\/01\/TC_900x900_2900-1.jpg","type":"image\/jpeg"}],"twitter_card":"summary_large_image","twitter_misc":{"Tiempo estimado de lectura":"1 minuto"},"schema":{"@context":"https:\/\/schema.org","@graph":[{"@type":"WebPage","@id":"https:\/\/www.hessmay.cl\/index.php\/producto\/contadora-de-billetes-tc-150\/","url":"https:\/\/www.hessmay.cl\/index.php\/producto\/contadora-de-billetes-tc-150\/","name":"CONTADORA DE BILLETES TC-2900","isPartOf":{"@id":"https:\/\/www.hessmay.cl\/#website"},"primaryImageOfPage":{"@id":"https:\/\/www.hessmay.cl\/index.php\/producto\/contadora-de-billetes-tc-150\/#primaryimage"},"image":{"@id":"https:\/\/www.hessmay.cl\/index.php\/producto\/contadora-de-billetes-tc-150\/#primaryimage"},"thumbnailUrl":"https:\/\/www.hessmay.cl\/wp-content\/uploads\/2024\/01\/TC_900x900_2900-1.jpg","datePublished":"2024-01-01T19:52:40+00:00","dateModified":"2025-11-21T18:09:21+00:00","breadcrumb":{"@id":"https:\/\/www.hessmay.cl\/index.php\/producto\/contadora-de-billetes-tc-150\/#breadcrumb"},"inLanguage":"es-CL","potentialAction":[{"@type":"ReadAction","target":["https:\/\/www.hessmay.cl\/index.php\/producto\/contadora-de-billetes-tc-150\/"]}]},{"@type":"ImageObject","inLanguage":"es-CL","@id":"https:\/\/www.hessmay.cl\/index.php\/producto\/contadora-de-billetes-tc-150\/#primaryimage","url":"https:\/\/www.hessmay.cl\/wp-content\/uploads\/2024\/01\/TC_900x900_2900-1.jpg","contentUrl":"https:\/\/www.hessmay.cl\/wp-content\/uploads\/2024\/01\/TC_900x900_2900-1.jpg","width":900,"height":900},{"@type":"BreadcrumbList","@id":"https:\/\/www.hessmay.cl\/index.php\/producto\/contadora-de-billetes-tc-150\/#breadcrumb","itemListElement":[{"@type":"ListItem","position":1,"name":"Home","item":"https:\/\/www.hessmay.cl\/"},{"@type":"ListItem","position":2,"name":"Shop","item":"https:\/\/www.hessmay.cl\/index.php\/shop\/"},{"@type":"ListItem","position":3,"name":"CONTADORA DE BILLETES TC-2900"}]},{"@type":"WebSite","@id":"https:\/\/www.hessmay.cl\/#website","url":"https:\/\/www.hessmay.cl\/","name":"Hessmay, Reloj Control de asistencia, Reloj control de Guardias, Control por Geolocalizaci\u00f3n, Control de Guardias,","description":"Sistemas de control de personal","publisher":{"@id":"https:\/\/www.hessmay.cl\/#organization"},"potentialAction":[{"@type":"SearchAction","target":{"@type":"EntryPoint","urlTemplate":"https:\/\/www.hessmay.cl\/?s={search_term_string}"},"query-input":{"@type":"PropertyValueSpecification","valueRequired":true,"valueName":"search_term_string"}}],"inLanguage":"es-CL"},{"@type":"Organization","@id":"https:\/\/www.hessmay.cl\/#organization","name":"Hessmay, Reloj Control de asistencia, Reloj control de Guardias, Control por Geolocalizaci\u00f3n, Control de Guardias,","url":"https:\/\/www.hessmay.cl\/","logo":{"@type":"ImageObject","inLanguage":"es-CL","@id":"https:\/\/www.hessmay.cl\/#\/schema\/logo\/image\/","url":"https:\/\/www.hessmay.cl\/wp-content\/uploads\/2024\/01\/logoHM01.png","contentUrl":"https:\/\/www.hessmay.cl\/wp-content\/uploads\/2024\/01\/logoHM01.png","width":403,"height":190,"caption":"Hessmay, Reloj Control de asistencia, Reloj control de Guardias, Control por Geolocalizaci\u00f3n, Control de Guardias,"},"image":{"@id":"https:\/\/www.hessmay.cl\/#\/schema\/logo\/image\/"},"sameAs":["https:\/\/www.instagram.com\/hessmay_\/"]}]}},"_links":{"self":[{"href":"https:\/\/www.hessmay.cl\/index.php\/wp-json\/wp\/v2\/product\/4859","targetHints":{"allow":["GET"]}}],"collection":[{"href":"https:\/\/www.hessmay.cl\/index.php\/wp-json\/wp\/v2\/product"}],"about":[{"href":"https:\/\/www.hessmay.cl\/index.php\/wp-json\/wp\/v2\/types\/product"}],"replies":[{"embeddable":true,"href":"https:\/\/www.hessmay.cl\/index.php\/wp-json\/wp\/v2\/comments?post=4859"}],"wp:featuredmedia":[{"embeddable":true,"href":"https:\/\/www.hessmay.cl\/index.php\/wp-json\/wp\/v2\/media\/5210"}],"wp:attachment":[{"href":"https:\/\/www.hessmay.cl\/index.php\/wp-json\/wp\/v2\/media?parent=4859"}],"wp:term":[{"taxonomy":"product_brand","embeddable":true,"href":"https:\/\/www.hessmay.cl\/index.php\/wp-json\/wp\/v2\/product_brand?post=4859"},{"taxonomy":"product_cat","embeddable":true,"href":"https:\/\/www.hessmay.cl\/index.php\/wp-json\/wp\/v2\/product_cat?post=4859"},{"taxonomy":"product_tag","embeddable":true,"href":"https:\/\/www.hessmay.cl\/index.php\/wp-json\/wp\/v2\/product_tag?post=4859"}],"curies":[{"name":"wp","href":"https:\/\/api.w.org\/{rel}","templated":true}]}}