{"id":4843,"date":"2023-12-30T21:38:59","date_gmt":"2023-12-31T00:38:59","guid":{"rendered":"https:\/\/www.grupocomunicacional.cl\/hessmay_web\/product\/interruptor-electronico-ut24-copy\/"},"modified":"2025-12-02T07:52:24","modified_gmt":"2025-12-02T10:52:24","slug":"sirena-electrica-siii","status":"publish","type":"product","link":"https:\/\/www.hessmay.cl\/index.php\/producto\/sirena-electrica-siii\/","title":{"rendered":"SIRENA ELECTRICA SIII"},"content":{"rendered":"","protected":false},"excerpt":{"rendered":"<p>Sirena El\u00e9ctrica Alemana, Modelo\u00a0<strong>SIII<br \/>\nPropagaci\u00f3n Omnidireccional 360 grados<br \/>\n<\/strong>de Gran Alcance, para Intemperie<br \/>\n<strong>Ideal para Bomberos, Miner\u00eda, Agr\u00edcolas, Forestales, tsunami, Operaci\u00f3n Deyse<\/strong><br \/>\n<strong>Alcance a favor de viento 2.5 km \/ Contra de viento 0.9 km<\/strong><br \/>\nGanancia de sonido 120dB\/1 mt.<br \/>\n<strong>Consumo 18A \/ 220VAC<\/strong><br \/>\nAct\u00faa por descompresi\u00f3n de aire<strong><br \/>\n<\/strong><strong>Condiciones ambientales agresivas ( nieve, lluvia, etc.)<\/strong><br \/>\nLibre de mantenci\u00f3n<br \/>\nFrecuencia de sonido 400 Hz<br \/>\n<strong>Confiabilidad de accionamiento 100% respecto de las sirenas electr\u00f3nicas<\/strong><br \/>\nDimensiones Alto 530 mm \/ di\u00e1metro 650 mm<br \/>\nPeso 50 Kgs.<\/p>\n<p><strong>Incluye :<br \/>\n<\/strong>Entrega inmediata \/\u00a0Servicio T\u00e9cnico exclusivo<br \/>\n<strong>1 A\u00f1o de Garant\u00eda<\/strong><\/p>\n","protected":false},"featured_media":5106,"comment_status":"open","ping_status":"closed","template":"","meta":{"_joinchat":{"telephone":"+56962351451","message_text":"Necesitas consultar por {PRODUCT}"}},"product_brand":[],"product_cat":[65],"product_tag":[],"class_list":{"0":"post-4843","1":"product","2":"type-product","3":"status-publish","4":"has-post-thumbnail","6":"product_cat-sirena-electrica-industrial","8":"first","9":"instock","10":"shipping-taxable","11":"product-type-simple"},"yoast_head":"<!-- This site is optimized with the Yoast SEO plugin v26.4 - https:\/\/yoast.com\/wordpress\/plugins\/seo\/ -->\n<title>SIRENA ELECTRICA SIII<\/title>\n<meta name=\"robots\" content=\"index, follow, max-snippet:-1, max-image-preview:large, max-video-preview:-1\" \/>\n<link rel=\"canonical\" href=\"https:\/\/www.hessmay.cl\/index.php\/producto\/sirena-electrica-siii\/\" \/>\n<meta property=\"og:locale\" content=\"es_ES\" \/>\n<meta property=\"og:type\" content=\"article\" \/>\n<meta property=\"og:title\" content=\"SIRENA ELECTRICA SIII\" \/>\n<meta property=\"og:description\" content=\"Sirena El\u00e9ctrica Alemana, Modelo\u00a0SIII Propagaci\u00f3n Omnidireccional 360 grados de Gran Alcance, para Intemperie Ideal para Bomberos, Miner\u00eda, Agr\u00edcolas, Forestales, tsunami, Operaci\u00f3n Deyse Alcance a favor de viento 2.5 km \/ Contra de viento 0.9 km Ganancia de sonido 120dB\/1 mt. Consumo 18A \/ 220VAC Act\u00faa por descompresi\u00f3n de aire Condiciones ambientales agresivas ( nieve, lluvia, etc.) Libre de mantenci\u00f3n Frecuencia de sonido 400 Hz Confiabilidad de accionamiento 100% respecto de las sirenas electr\u00f3nicas Dimensiones Alto 530 mm \/ di\u00e1metro 650 mm Peso 50 Kgs.  Incluye : Entrega inmediata \/\u00a0Servicio T\u00e9cnico exclusivo 1 A\u00f1o de Garant\u00eda\" \/>\n<meta property=\"og:url\" content=\"https:\/\/www.hessmay.cl\/index.php\/producto\/sirena-electrica-siii\/\" \/>\n<meta property=\"og:site_name\" content=\"Hessmay, Reloj Control de asistencia, Reloj control de Guardias, Control por Geolocalizaci\u00f3n, Control de Guardias,\" \/>\n<meta property=\"article:publisher\" content=\"https:\/\/www.instagram.com\/hessmay_\/\" \/>\n<meta property=\"article:modified_time\" content=\"2025-12-02T10:52:24+00:00\" \/>\n<meta property=\"og:image\" content=\"https:\/\/www.hessmay.cl\/wp-content\/uploads\/2023\/12\/Sirena_ElectricaSIII_C.jpg\" \/>\n\t<meta property=\"og:image:width\" content=\"900\" \/>\n\t<meta property=\"og:image:height\" content=\"900\" \/>\n\t<meta property=\"og:image:type\" content=\"image\/jpeg\" \/>\n<meta name=\"twitter:card\" content=\"summary_large_image\" \/>\n<meta name=\"twitter:label1\" content=\"Tiempo estimado de lectura\" \/>\n\t<meta name=\"twitter:data1\" content=\"1 minuto\" \/>\n<script type=\"application\/ld+json\" class=\"yoast-schema-graph\">{\"@context\":\"https:\/\/schema.org\",\"@graph\":[{\"@type\":\"WebPage\",\"@id\":\"https:\/\/www.hessmay.cl\/index.php\/producto\/sirena-electrica-siii\/\",\"url\":\"https:\/\/www.hessmay.cl\/index.php\/producto\/sirena-electrica-siii\/\",\"name\":\"SIRENA ELECTRICA SIII\",\"isPartOf\":{\"@id\":\"https:\/\/www.hessmay.cl\/#website\"},\"primaryImageOfPage\":{\"@id\":\"https:\/\/www.hessmay.cl\/index.php\/producto\/sirena-electrica-siii\/#primaryimage\"},\"image\":{\"@id\":\"https:\/\/www.hessmay.cl\/index.php\/producto\/sirena-electrica-siii\/#primaryimage\"},\"thumbnailUrl\":\"https:\/\/www.hessmay.cl\/wp-content\/uploads\/2023\/12\/Sirena_ElectricaSIII_C.jpg\",\"datePublished\":\"2023-12-31T00:38:59+00:00\",\"dateModified\":\"2025-12-02T10:52:24+00:00\",\"breadcrumb\":{\"@id\":\"https:\/\/www.hessmay.cl\/index.php\/producto\/sirena-electrica-siii\/#breadcrumb\"},\"inLanguage\":\"es-CL\",\"potentialAction\":[{\"@type\":\"ReadAction\",\"target\":[\"https:\/\/www.hessmay.cl\/index.php\/producto\/sirena-electrica-siii\/\"]}]},{\"@type\":\"ImageObject\",\"inLanguage\":\"es-CL\",\"@id\":\"https:\/\/www.hessmay.cl\/index.php\/producto\/sirena-electrica-siii\/#primaryimage\",\"url\":\"https:\/\/www.hessmay.cl\/wp-content\/uploads\/2023\/12\/Sirena_ElectricaSIII_C.jpg\",\"contentUrl\":\"https:\/\/www.hessmay.cl\/wp-content\/uploads\/2023\/12\/Sirena_ElectricaSIII_C.jpg\",\"width\":900,\"height\":900},{\"@type\":\"BreadcrumbList\",\"@id\":\"https:\/\/www.hessmay.cl\/index.php\/producto\/sirena-electrica-siii\/#breadcrumb\",\"itemListElement\":[{\"@type\":\"ListItem\",\"position\":1,\"name\":\"Home\",\"item\":\"https:\/\/www.hessmay.cl\/\"},{\"@type\":\"ListItem\",\"position\":2,\"name\":\"Shop\",\"item\":\"https:\/\/www.hessmay.cl\/index.php\/shop\/\"},{\"@type\":\"ListItem\",\"position\":3,\"name\":\"SIRENA ELECTRICA SIII\"}]},{\"@type\":\"WebSite\",\"@id\":\"https:\/\/www.hessmay.cl\/#website\",\"url\":\"https:\/\/www.hessmay.cl\/\",\"name\":\"Hessmay, Reloj Control de asistencia, Reloj control de Guardias, Control por Geolocalizaci\u00f3n, Control de Guardias,\",\"description\":\"Sistemas de control de personal\",\"publisher\":{\"@id\":\"https:\/\/www.hessmay.cl\/#organization\"},\"potentialAction\":[{\"@type\":\"SearchAction\",\"target\":{\"@type\":\"EntryPoint\",\"urlTemplate\":\"https:\/\/www.hessmay.cl\/?s={search_term_string}\"},\"query-input\":{\"@type\":\"PropertyValueSpecification\",\"valueRequired\":true,\"valueName\":\"search_term_string\"}}],\"inLanguage\":\"es-CL\"},{\"@type\":\"Organization\",\"@id\":\"https:\/\/www.hessmay.cl\/#organization\",\"name\":\"Hessmay, Reloj Control de asistencia, Reloj control de Guardias, Control por Geolocalizaci\u00f3n, Control de Guardias,\",\"url\":\"https:\/\/www.hessmay.cl\/\",\"logo\":{\"@type\":\"ImageObject\",\"inLanguage\":\"es-CL\",\"@id\":\"https:\/\/www.hessmay.cl\/#\/schema\/logo\/image\/\",\"url\":\"https:\/\/www.hessmay.cl\/wp-content\/uploads\/2024\/01\/logoHM01.png\",\"contentUrl\":\"https:\/\/www.hessmay.cl\/wp-content\/uploads\/2024\/01\/logoHM01.png\",\"width\":403,\"height\":190,\"caption\":\"Hessmay, Reloj Control de asistencia, Reloj control de Guardias, Control por Geolocalizaci\u00f3n, Control de Guardias,\"},\"image\":{\"@id\":\"https:\/\/www.hessmay.cl\/#\/schema\/logo\/image\/\"},\"sameAs\":[\"https:\/\/www.instagram.com\/hessmay_\/\"]}]}<\/script>\n<!-- \/ Yoast SEO plugin. -->","yoast_head_json":{"title":"SIRENA ELECTRICA SIII","robots":{"index":"index","follow":"follow","max-snippet":"max-snippet:-1","max-image-preview":"max-image-preview:large","max-video-preview":"max-video-preview:-1"},"canonical":"https:\/\/www.hessmay.cl\/index.php\/producto\/sirena-electrica-siii\/","og_locale":"es_ES","og_type":"article","og_title":"SIRENA ELECTRICA SIII","og_description":"Sirena El\u00e9ctrica Alemana, Modelo\u00a0SIII Propagaci\u00f3n Omnidireccional 360 grados de Gran Alcance, para Intemperie Ideal para Bomberos, Miner\u00eda, Agr\u00edcolas, Forestales, tsunami, Operaci\u00f3n Deyse Alcance a favor de viento 2.5 km \/ Contra de viento 0.9 km Ganancia de sonido 120dB\/1 mt. Consumo 18A \/ 220VAC Act\u00faa por descompresi\u00f3n de aire Condiciones ambientales agresivas ( nieve, lluvia, etc.) Libre de mantenci\u00f3n Frecuencia de sonido 400 Hz Confiabilidad de accionamiento 100% respecto de las sirenas electr\u00f3nicas Dimensiones Alto 530 mm \/ di\u00e1metro 650 mm Peso 50 Kgs.  Incluye : Entrega inmediata \/\u00a0Servicio T\u00e9cnico exclusivo 1 A\u00f1o de Garant\u00eda","og_url":"https:\/\/www.hessmay.cl\/index.php\/producto\/sirena-electrica-siii\/","og_site_name":"Hessmay, Reloj Control de asistencia, Reloj control de Guardias, Control por Geolocalizaci\u00f3n, Control de Guardias,","article_publisher":"https:\/\/www.instagram.com\/hessmay_\/","article_modified_time":"2025-12-02T10:52:24+00:00","og_image":[{"width":900,"height":900,"url":"https:\/\/www.hessmay.cl\/wp-content\/uploads\/2023\/12\/Sirena_ElectricaSIII_C.jpg","type":"image\/jpeg"}],"twitter_card":"summary_large_image","twitter_misc":{"Tiempo estimado de lectura":"1 minuto"},"schema":{"@context":"https:\/\/schema.org","@graph":[{"@type":"WebPage","@id":"https:\/\/www.hessmay.cl\/index.php\/producto\/sirena-electrica-siii\/","url":"https:\/\/www.hessmay.cl\/index.php\/producto\/sirena-electrica-siii\/","name":"SIRENA ELECTRICA SIII","isPartOf":{"@id":"https:\/\/www.hessmay.cl\/#website"},"primaryImageOfPage":{"@id":"https:\/\/www.hessmay.cl\/index.php\/producto\/sirena-electrica-siii\/#primaryimage"},"image":{"@id":"https:\/\/www.hessmay.cl\/index.php\/producto\/sirena-electrica-siii\/#primaryimage"},"thumbnailUrl":"https:\/\/www.hessmay.cl\/wp-content\/uploads\/2023\/12\/Sirena_ElectricaSIII_C.jpg","datePublished":"2023-12-31T00:38:59+00:00","dateModified":"2025-12-02T10:52:24+00:00","breadcrumb":{"@id":"https:\/\/www.hessmay.cl\/index.php\/producto\/sirena-electrica-siii\/#breadcrumb"},"inLanguage":"es-CL","potentialAction":[{"@type":"ReadAction","target":["https:\/\/www.hessmay.cl\/index.php\/producto\/sirena-electrica-siii\/"]}]},{"@type":"ImageObject","inLanguage":"es-CL","@id":"https:\/\/www.hessmay.cl\/index.php\/producto\/sirena-electrica-siii\/#primaryimage","url":"https:\/\/www.hessmay.cl\/wp-content\/uploads\/2023\/12\/Sirena_ElectricaSIII_C.jpg","contentUrl":"https:\/\/www.hessmay.cl\/wp-content\/uploads\/2023\/12\/Sirena_ElectricaSIII_C.jpg","width":900,"height":900},{"@type":"BreadcrumbList","@id":"https:\/\/www.hessmay.cl\/index.php\/producto\/sirena-electrica-siii\/#breadcrumb","itemListElement":[{"@type":"ListItem","position":1,"name":"Home","item":"https:\/\/www.hessmay.cl\/"},{"@type":"ListItem","position":2,"name":"Shop","item":"https:\/\/www.hessmay.cl\/index.php\/shop\/"},{"@type":"ListItem","position":3,"name":"SIRENA ELECTRICA SIII"}]},{"@type":"WebSite","@id":"https:\/\/www.hessmay.cl\/#website","url":"https:\/\/www.hessmay.cl\/","name":"Hessmay, Reloj Control de asistencia, Reloj control de Guardias, Control por Geolocalizaci\u00f3n, Control de Guardias,","description":"Sistemas de control de personal","publisher":{"@id":"https:\/\/www.hessmay.cl\/#organization"},"potentialAction":[{"@type":"SearchAction","target":{"@type":"EntryPoint","urlTemplate":"https:\/\/www.hessmay.cl\/?s={search_term_string}"},"query-input":{"@type":"PropertyValueSpecification","valueRequired":true,"valueName":"search_term_string"}}],"inLanguage":"es-CL"},{"@type":"Organization","@id":"https:\/\/www.hessmay.cl\/#organization","name":"Hessmay, Reloj Control de asistencia, Reloj control de Guardias, Control por Geolocalizaci\u00f3n, Control de Guardias,","url":"https:\/\/www.hessmay.cl\/","logo":{"@type":"ImageObject","inLanguage":"es-CL","@id":"https:\/\/www.hessmay.cl\/#\/schema\/logo\/image\/","url":"https:\/\/www.hessmay.cl\/wp-content\/uploads\/2024\/01\/logoHM01.png","contentUrl":"https:\/\/www.hessmay.cl\/wp-content\/uploads\/2024\/01\/logoHM01.png","width":403,"height":190,"caption":"Hessmay, Reloj Control de asistencia, Reloj control de Guardias, Control por Geolocalizaci\u00f3n, Control de Guardias,"},"image":{"@id":"https:\/\/www.hessmay.cl\/#\/schema\/logo\/image\/"},"sameAs":["https:\/\/www.instagram.com\/hessmay_\/"]}]}},"_links":{"self":[{"href":"https:\/\/www.hessmay.cl\/index.php\/wp-json\/wp\/v2\/product\/4843","targetHints":{"allow":["GET"]}}],"collection":[{"href":"https:\/\/www.hessmay.cl\/index.php\/wp-json\/wp\/v2\/product"}],"about":[{"href":"https:\/\/www.hessmay.cl\/index.php\/wp-json\/wp\/v2\/types\/product"}],"replies":[{"embeddable":true,"href":"https:\/\/www.hessmay.cl\/index.php\/wp-json\/wp\/v2\/comments?post=4843"}],"wp:featuredmedia":[{"embeddable":true,"href":"https:\/\/www.hessmay.cl\/index.php\/wp-json\/wp\/v2\/media\/5106"}],"wp:attachment":[{"href":"https:\/\/www.hessmay.cl\/index.php\/wp-json\/wp\/v2\/media?parent=4843"}],"wp:term":[{"taxonomy":"product_brand","embeddable":true,"href":"https:\/\/www.hessmay.cl\/index.php\/wp-json\/wp\/v2\/product_brand?post=4843"},{"taxonomy":"product_cat","embeddable":true,"href":"https:\/\/www.hessmay.cl\/index.php\/wp-json\/wp\/v2\/product_cat?post=4843"},{"taxonomy":"product_tag","embeddable":true,"href":"https:\/\/www.hessmay.cl\/index.php\/wp-json\/wp\/v2\/product_tag?post=4843"}],"curies":[{"name":"wp","href":"https:\/\/api.w.org\/{rel}","templated":true}]}}