{"id":4836,"date":"2023-12-30T21:00:05","date_gmt":"2023-12-31T00:00:05","guid":{"rendered":"https:\/\/www.grupocomunicacional.cl\/hessmay_web\/product\/control-de-acceso-dualfinger-copy\/"},"modified":"2025-11-17T23:59:09","modified_gmt":"2025-11-18T02:59:09","slug":"cerradura-electromagnetica-mag-300","status":"publish","type":"product","link":"https:\/\/www.hessmay.cl\/index.php\/producto\/cerradura-electromagnetica-mag-300\/","title":{"rendered":"CERRADURA MAGNETICA MAG-300"},"content":{"rendered":"","protected":false},"excerpt":{"rendered":"<p>Chapa electromagn\u00e9tica,\u00a0<strong>modelo MAG-300<\/strong>, de dise\u00f1o exclusivo y est\u00e9tico<br \/>\nPara puertas de vidrio templado con o sin marco, o puertas normales<br \/>\nPresi\u00f3n de cierre 300 kgs.<br \/>\nTemporizador de cierre<br \/>\nFuente de alimentaci\u00f3n con rel\u00e9<br \/>\nBracket diversos seg\u00fan tipo de puerta, empotramiento y direcci\u00f3n de apertura.<\/p>\n<p><strong>Incluye :<br \/>\n<\/strong>Bracket \/ Fuente de Alimentaci\u00f3n \/ Servicio T\u00e9cnico exclusivo \/ Entrega Inmediata<br \/>\n<strong>1 A\u00f1o de Garant\u00eda<\/strong><\/p>\n","protected":false},"featured_media":4838,"comment_status":"open","ping_status":"closed","template":"","meta":{"_joinchat":{"telephone":"+56962351451","message_text":"Necesitas consultar por {PRODUCT}"}},"product_brand":[],"product_cat":[62],"product_tag":[],"class_list":{"0":"post-4836","1":"product","2":"type-product","3":"status-publish","4":"has-post-thumbnail","6":"product_cat-control-accesos-cerraduraas","8":"first","9":"instock","10":"shipping-taxable","11":"product-type-simple"},"yoast_head":"<!-- This site is optimized with the Yoast SEO plugin v26.4 - https:\/\/yoast.com\/wordpress\/plugins\/seo\/ -->\n<title>CERRADURA MAGNETICA MAG-300<\/title>\n<meta name=\"robots\" content=\"index, follow, max-snippet:-1, max-image-preview:large, max-video-preview:-1\" \/>\n<link rel=\"canonical\" href=\"https:\/\/www.hessmay.cl\/index.php\/producto\/cerradura-electromagnetica-mag-300\/\" \/>\n<meta property=\"og:locale\" content=\"es_ES\" \/>\n<meta property=\"og:type\" content=\"article\" \/>\n<meta property=\"og:title\" content=\"CERRADURA MAGNETICA MAG-300\" \/>\n<meta property=\"og:description\" content=\"Chapa electromagn\u00e9tica,\u00a0modelo MAG-300, de dise\u00f1o exclusivo y est\u00e9tico Para puertas de vidrio templado con o sin marco, o puertas normales Presi\u00f3n de cierre 300 kgs. Temporizador de cierre Fuente de alimentaci\u00f3n con rel\u00e9 Bracket diversos seg\u00fan tipo de puerta, empotramiento y direcci\u00f3n de apertura.  Incluye : Bracket \/ Fuente de Alimentaci\u00f3n \/ Servicio T\u00e9cnico exclusivo \/ Entrega Inmediata 1 A\u00f1o de Garant\u00eda\" \/>\n<meta property=\"og:url\" content=\"https:\/\/www.hessmay.cl\/index.php\/producto\/cerradura-electromagnetica-mag-300\/\" \/>\n<meta property=\"og:site_name\" content=\"Hessmay, Reloj Control de asistencia, Reloj control de Guardias, Control por Geolocalizaci\u00f3n, Control de Guardias,\" \/>\n<meta property=\"article:publisher\" content=\"https:\/\/www.instagram.com\/hessmay_\/\" \/>\n<meta property=\"article:modified_time\" content=\"2025-11-18T02:59:09+00:00\" \/>\n<meta property=\"og:image\" content=\"https:\/\/www.hessmay.cl\/wp-content\/uploads\/2023\/12\/Cerradura_MAG-300.jpg\" \/>\n\t<meta property=\"og:image:width\" content=\"900\" \/>\n\t<meta property=\"og:image:height\" content=\"900\" \/>\n\t<meta property=\"og:image:type\" content=\"image\/jpeg\" \/>\n<meta name=\"twitter:card\" content=\"summary_large_image\" \/>\n<meta name=\"twitter:label1\" content=\"Tiempo estimado de lectura\" \/>\n\t<meta name=\"twitter:data1\" content=\"1 minuto\" \/>\n<script type=\"application\/ld+json\" class=\"yoast-schema-graph\">{\"@context\":\"https:\/\/schema.org\",\"@graph\":[{\"@type\":\"WebPage\",\"@id\":\"https:\/\/www.hessmay.cl\/index.php\/producto\/cerradura-electromagnetica-mag-300\/\",\"url\":\"https:\/\/www.hessmay.cl\/index.php\/producto\/cerradura-electromagnetica-mag-300\/\",\"name\":\"CERRADURA MAGNETICA MAG-300\",\"isPartOf\":{\"@id\":\"https:\/\/www.hessmay.cl\/#website\"},\"primaryImageOfPage\":{\"@id\":\"https:\/\/www.hessmay.cl\/index.php\/producto\/cerradura-electromagnetica-mag-300\/#primaryimage\"},\"image\":{\"@id\":\"https:\/\/www.hessmay.cl\/index.php\/producto\/cerradura-electromagnetica-mag-300\/#primaryimage\"},\"thumbnailUrl\":\"https:\/\/www.hessmay.cl\/wp-content\/uploads\/2023\/12\/Cerradura_MAG-300.jpg\",\"datePublished\":\"2023-12-31T00:00:05+00:00\",\"dateModified\":\"2025-11-18T02:59:09+00:00\",\"breadcrumb\":{\"@id\":\"https:\/\/www.hessmay.cl\/index.php\/producto\/cerradura-electromagnetica-mag-300\/#breadcrumb\"},\"inLanguage\":\"es-CL\",\"potentialAction\":[{\"@type\":\"ReadAction\",\"target\":[\"https:\/\/www.hessmay.cl\/index.php\/producto\/cerradura-electromagnetica-mag-300\/\"]}]},{\"@type\":\"ImageObject\",\"inLanguage\":\"es-CL\",\"@id\":\"https:\/\/www.hessmay.cl\/index.php\/producto\/cerradura-electromagnetica-mag-300\/#primaryimage\",\"url\":\"https:\/\/www.hessmay.cl\/wp-content\/uploads\/2023\/12\/Cerradura_MAG-300.jpg\",\"contentUrl\":\"https:\/\/www.hessmay.cl\/wp-content\/uploads\/2023\/12\/Cerradura_MAG-300.jpg\",\"width\":900,\"height\":900},{\"@type\":\"BreadcrumbList\",\"@id\":\"https:\/\/www.hessmay.cl\/index.php\/producto\/cerradura-electromagnetica-mag-300\/#breadcrumb\",\"itemListElement\":[{\"@type\":\"ListItem\",\"position\":1,\"name\":\"Home\",\"item\":\"https:\/\/www.hessmay.cl\/\"},{\"@type\":\"ListItem\",\"position\":2,\"name\":\"Shop\",\"item\":\"https:\/\/www.hessmay.cl\/index.php\/shop\/\"},{\"@type\":\"ListItem\",\"position\":3,\"name\":\"CERRADURA MAGNETICA MAG-300\"}]},{\"@type\":\"WebSite\",\"@id\":\"https:\/\/www.hessmay.cl\/#website\",\"url\":\"https:\/\/www.hessmay.cl\/\",\"name\":\"Hessmay, Reloj Control de asistencia, Reloj control de Guardias, Control por Geolocalizaci\u00f3n, Control de Guardias,\",\"description\":\"Sistemas de control de personal\",\"publisher\":{\"@id\":\"https:\/\/www.hessmay.cl\/#organization\"},\"potentialAction\":[{\"@type\":\"SearchAction\",\"target\":{\"@type\":\"EntryPoint\",\"urlTemplate\":\"https:\/\/www.hessmay.cl\/?s={search_term_string}\"},\"query-input\":{\"@type\":\"PropertyValueSpecification\",\"valueRequired\":true,\"valueName\":\"search_term_string\"}}],\"inLanguage\":\"es-CL\"},{\"@type\":\"Organization\",\"@id\":\"https:\/\/www.hessmay.cl\/#organization\",\"name\":\"Hessmay, Reloj Control de asistencia, Reloj control de Guardias, Control por Geolocalizaci\u00f3n, Control de Guardias,\",\"url\":\"https:\/\/www.hessmay.cl\/\",\"logo\":{\"@type\":\"ImageObject\",\"inLanguage\":\"es-CL\",\"@id\":\"https:\/\/www.hessmay.cl\/#\/schema\/logo\/image\/\",\"url\":\"https:\/\/www.hessmay.cl\/wp-content\/uploads\/2024\/01\/logoHM01.png\",\"contentUrl\":\"https:\/\/www.hessmay.cl\/wp-content\/uploads\/2024\/01\/logoHM01.png\",\"width\":403,\"height\":190,\"caption\":\"Hessmay, Reloj Control de asistencia, Reloj control de Guardias, Control por Geolocalizaci\u00f3n, Control de Guardias,\"},\"image\":{\"@id\":\"https:\/\/www.hessmay.cl\/#\/schema\/logo\/image\/\"},\"sameAs\":[\"https:\/\/www.instagram.com\/hessmay_\/\"]}]}<\/script>\n<!-- \/ Yoast SEO plugin. -->","yoast_head_json":{"title":"CERRADURA MAGNETICA MAG-300","robots":{"index":"index","follow":"follow","max-snippet":"max-snippet:-1","max-image-preview":"max-image-preview:large","max-video-preview":"max-video-preview:-1"},"canonical":"https:\/\/www.hessmay.cl\/index.php\/producto\/cerradura-electromagnetica-mag-300\/","og_locale":"es_ES","og_type":"article","og_title":"CERRADURA MAGNETICA MAG-300","og_description":"Chapa electromagn\u00e9tica,\u00a0modelo MAG-300, de dise\u00f1o exclusivo y est\u00e9tico Para puertas de vidrio templado con o sin marco, o puertas normales Presi\u00f3n de cierre 300 kgs. Temporizador de cierre Fuente de alimentaci\u00f3n con rel\u00e9 Bracket diversos seg\u00fan tipo de puerta, empotramiento y direcci\u00f3n de apertura.  Incluye : Bracket \/ Fuente de Alimentaci\u00f3n \/ Servicio T\u00e9cnico exclusivo \/ Entrega Inmediata 1 A\u00f1o de Garant\u00eda","og_url":"https:\/\/www.hessmay.cl\/index.php\/producto\/cerradura-electromagnetica-mag-300\/","og_site_name":"Hessmay, Reloj Control de asistencia, Reloj control de Guardias, Control por Geolocalizaci\u00f3n, Control de Guardias,","article_publisher":"https:\/\/www.instagram.com\/hessmay_\/","article_modified_time":"2025-11-18T02:59:09+00:00","og_image":[{"width":900,"height":900,"url":"https:\/\/www.hessmay.cl\/wp-content\/uploads\/2023\/12\/Cerradura_MAG-300.jpg","type":"image\/jpeg"}],"twitter_card":"summary_large_image","twitter_misc":{"Tiempo estimado de lectura":"1 minuto"},"schema":{"@context":"https:\/\/schema.org","@graph":[{"@type":"WebPage","@id":"https:\/\/www.hessmay.cl\/index.php\/producto\/cerradura-electromagnetica-mag-300\/","url":"https:\/\/www.hessmay.cl\/index.php\/producto\/cerradura-electromagnetica-mag-300\/","name":"CERRADURA MAGNETICA MAG-300","isPartOf":{"@id":"https:\/\/www.hessmay.cl\/#website"},"primaryImageOfPage":{"@id":"https:\/\/www.hessmay.cl\/index.php\/producto\/cerradura-electromagnetica-mag-300\/#primaryimage"},"image":{"@id":"https:\/\/www.hessmay.cl\/index.php\/producto\/cerradura-electromagnetica-mag-300\/#primaryimage"},"thumbnailUrl":"https:\/\/www.hessmay.cl\/wp-content\/uploads\/2023\/12\/Cerradura_MAG-300.jpg","datePublished":"2023-12-31T00:00:05+00:00","dateModified":"2025-11-18T02:59:09+00:00","breadcrumb":{"@id":"https:\/\/www.hessmay.cl\/index.php\/producto\/cerradura-electromagnetica-mag-300\/#breadcrumb"},"inLanguage":"es-CL","potentialAction":[{"@type":"ReadAction","target":["https:\/\/www.hessmay.cl\/index.php\/producto\/cerradura-electromagnetica-mag-300\/"]}]},{"@type":"ImageObject","inLanguage":"es-CL","@id":"https:\/\/www.hessmay.cl\/index.php\/producto\/cerradura-electromagnetica-mag-300\/#primaryimage","url":"https:\/\/www.hessmay.cl\/wp-content\/uploads\/2023\/12\/Cerradura_MAG-300.jpg","contentUrl":"https:\/\/www.hessmay.cl\/wp-content\/uploads\/2023\/12\/Cerradura_MAG-300.jpg","width":900,"height":900},{"@type":"BreadcrumbList","@id":"https:\/\/www.hessmay.cl\/index.php\/producto\/cerradura-electromagnetica-mag-300\/#breadcrumb","itemListElement":[{"@type":"ListItem","position":1,"name":"Home","item":"https:\/\/www.hessmay.cl\/"},{"@type":"ListItem","position":2,"name":"Shop","item":"https:\/\/www.hessmay.cl\/index.php\/shop\/"},{"@type":"ListItem","position":3,"name":"CERRADURA MAGNETICA MAG-300"}]},{"@type":"WebSite","@id":"https:\/\/www.hessmay.cl\/#website","url":"https:\/\/www.hessmay.cl\/","name":"Hessmay, Reloj Control de asistencia, Reloj control de Guardias, Control por Geolocalizaci\u00f3n, Control de Guardias,","description":"Sistemas de control de personal","publisher":{"@id":"https:\/\/www.hessmay.cl\/#organization"},"potentialAction":[{"@type":"SearchAction","target":{"@type":"EntryPoint","urlTemplate":"https:\/\/www.hessmay.cl\/?s={search_term_string}"},"query-input":{"@type":"PropertyValueSpecification","valueRequired":true,"valueName":"search_term_string"}}],"inLanguage":"es-CL"},{"@type":"Organization","@id":"https:\/\/www.hessmay.cl\/#organization","name":"Hessmay, Reloj Control de asistencia, Reloj control de Guardias, Control por Geolocalizaci\u00f3n, Control de Guardias,","url":"https:\/\/www.hessmay.cl\/","logo":{"@type":"ImageObject","inLanguage":"es-CL","@id":"https:\/\/www.hessmay.cl\/#\/schema\/logo\/image\/","url":"https:\/\/www.hessmay.cl\/wp-content\/uploads\/2024\/01\/logoHM01.png","contentUrl":"https:\/\/www.hessmay.cl\/wp-content\/uploads\/2024\/01\/logoHM01.png","width":403,"height":190,"caption":"Hessmay, Reloj Control de asistencia, Reloj control de Guardias, Control por Geolocalizaci\u00f3n, Control de Guardias,"},"image":{"@id":"https:\/\/www.hessmay.cl\/#\/schema\/logo\/image\/"},"sameAs":["https:\/\/www.instagram.com\/hessmay_\/"]}]}},"_links":{"self":[{"href":"https:\/\/www.hessmay.cl\/index.php\/wp-json\/wp\/v2\/product\/4836","targetHints":{"allow":["GET"]}}],"collection":[{"href":"https:\/\/www.hessmay.cl\/index.php\/wp-json\/wp\/v2\/product"}],"about":[{"href":"https:\/\/www.hessmay.cl\/index.php\/wp-json\/wp\/v2\/types\/product"}],"replies":[{"embeddable":true,"href":"https:\/\/www.hessmay.cl\/index.php\/wp-json\/wp\/v2\/comments?post=4836"}],"wp:featuredmedia":[{"embeddable":true,"href":"https:\/\/www.hessmay.cl\/index.php\/wp-json\/wp\/v2\/media\/4838"}],"wp:attachment":[{"href":"https:\/\/www.hessmay.cl\/index.php\/wp-json\/wp\/v2\/media?parent=4836"}],"wp:term":[{"taxonomy":"product_brand","embeddable":true,"href":"https:\/\/www.hessmay.cl\/index.php\/wp-json\/wp\/v2\/product_brand?post=4836"},{"taxonomy":"product_cat","embeddable":true,"href":"https:\/\/www.hessmay.cl\/index.php\/wp-json\/wp\/v2\/product_cat?post=4836"},{"taxonomy":"product_tag","embeddable":true,"href":"https:\/\/www.hessmay.cl\/index.php\/wp-json\/wp\/v2\/product_tag?post=4836"}],"curies":[{"name":"wp","href":"https:\/\/api.w.org\/{rel}","templated":true}]}}