{"id":4825,"date":"2023-12-30T19:54:19","date_gmt":"2023-12-30T22:54:19","guid":{"rendered":"https:\/\/www.grupocomunicacional.cl\/hessmay_web\/product\/reloj-via-publica-hmt-45-copy\/"},"modified":"2025-11-18T00:03:25","modified_gmt":"2025-11-18T03:03:25","slug":"torniquete-inox-103b","status":"publish","type":"product","link":"https:\/\/www.hessmay.cl\/index.php\/producto\/torniquete-inox-103b\/","title":{"rendered":"TORNIQUETE INOX 103B"},"content":{"rendered":"","protected":false},"excerpt":{"rendered":"<p>Torniquete modelo\u00a0<strong>INOX-103B<\/strong>, fabricado en acero inoxidable de 1,5 m\/m de espesor<br \/>\nAspas bidireccionales de 50 cms, de suave movimiento, montadas sobre rodamientos<br \/>\n<strong>Liberaci\u00f3n del torniquete ante cortes de energ\u00eda<\/strong> con sistema antiretroceso<br \/>\nAlimentaci\u00f3n 220 VAC, consumo m\u00e1ximo 60W<br \/>\n<strong>Accionamiento por Tarjetas RFID, Compatible con Dispositivos externos ya sean <\/strong><strong>huella, rostro o fichero<br \/>\n<\/strong>Dimensiones 98H x 52W x 28D cms, peso 34Kg.<\/p>\n<p><strong>Incluye :<br \/>\n<\/strong>Servicio T\u00e9cnico exclusivo \/\u00a0Entrega Inmediata<br \/>\n<strong>1 A\u00f1o de Garant\u00eda<br \/>\n<\/strong><\/p>\n<p><span style=\"color: #0000ff;\"><strong>COTICE TIPOS DE ACCIONAMIENTOS\u00a0<\/strong><strong>HUELLA \/ ROSTRO \/ FICHAS\u00a0<\/strong><\/span><\/p>\n<p>Vea Controlador de paso\u00a0<strong>Electr\u00f3nico Modelo FM-15<br \/>\n<\/strong>Accionado por fichas \/ Capacidad Tolva 1500 pcs<br \/>\nGabinete Met\u00e1lico y Cerradura Herm\u00e9tica<br \/>\nDimensiones 30\/25\/25 cms.<\/p>\n<p><img loading=\"lazy\" decoding=\"async\" class=\"alignnone wp-image-4829 size-full\" src=\"https:\/\/www.grupocomunicacional.cl\/hessmay_web\/wp-content\/uploads\/2023\/12\/MONEDERO.jpg\" alt=\"\" width=\"240\" height=\"250\" \/><\/p>\n","protected":false},"featured_media":4972,"comment_status":"open","ping_status":"closed","template":"","meta":{"_joinchat":{"telephone":"+56962351451","message_text":"Necesitas consultar por {PRODUCT}"}},"product_brand":[],"product_cat":[62],"product_tag":[],"class_list":{"0":"post-4825","1":"product","2":"type-product","3":"status-publish","4":"has-post-thumbnail","6":"product_cat-control-accesos-cerraduraas","8":"first","9":"instock","10":"shipping-taxable","11":"product-type-simple"},"yoast_head":"<!-- This site is optimized with the Yoast SEO plugin v26.4 - https:\/\/yoast.com\/wordpress\/plugins\/seo\/ -->\n<title>TORNIQUETE INOX 103B<\/title>\n<meta name=\"robots\" content=\"index, follow, max-snippet:-1, max-image-preview:large, max-video-preview:-1\" \/>\n<link rel=\"canonical\" href=\"https:\/\/www.hessmay.cl\/index.php\/producto\/torniquete-inox-103b\/\" \/>\n<meta property=\"og:locale\" content=\"es_ES\" \/>\n<meta property=\"og:type\" content=\"article\" \/>\n<meta property=\"og:title\" content=\"TORNIQUETE INOX 103B\" \/>\n<meta property=\"og:description\" content=\"Torniquete modelo\u00a0INOX-103B, fabricado en acero inoxidable de 1,5 m\/m de espesor Aspas bidireccionales de 50 cms, de suave movimiento, montadas sobre rodamientos Liberaci\u00f3n del torniquete ante cortes de energ\u00eda con sistema antiretroceso Alimentaci\u00f3n 220 VAC, consumo m\u00e1ximo 60W Accionamiento por Tarjetas RFID, Compatible con Dispositivos externos ya sean huella, rostro o fichero Dimensiones 98H x 52W x 28D cms, peso 34Kg.  Incluye : Servicio T\u00e9cnico exclusivo \/\u00a0Entrega Inmediata 1 A\u00f1o de Garant\u00eda   COTICE TIPOS DE ACCIONAMIENTOS\u00a0HUELLA \/ ROSTRO \/ FICHAS\u00a0  Vea Controlador de paso\u00a0Electr\u00f3nico Modelo FM-15 Accionado por fichas \/ Capacidad Tolva 1500 pcs Gabinete Met\u00e1lico y Cerradura Herm\u00e9tica Dimensiones 30\/25\/25 cms.\" \/>\n<meta property=\"og:url\" content=\"https:\/\/www.hessmay.cl\/index.php\/producto\/torniquete-inox-103b\/\" \/>\n<meta property=\"og:site_name\" content=\"Hessmay, Reloj Control de asistencia, Reloj control de Guardias, Control por Geolocalizaci\u00f3n, Control de Guardias,\" \/>\n<meta property=\"article:publisher\" content=\"https:\/\/www.instagram.com\/hessmay_\/\" \/>\n<meta property=\"article:modified_time\" content=\"2025-11-18T03:03:25+00:00\" \/>\n<meta property=\"og:image\" content=\"https:\/\/www.hessmay.cl\/wp-content\/uploads\/2023\/12\/TorniqueteINOX-103B.jpg\" \/>\n\t<meta property=\"og:image:width\" content=\"900\" \/>\n\t<meta property=\"og:image:height\" content=\"900\" \/>\n\t<meta property=\"og:image:type\" content=\"image\/jpeg\" \/>\n<meta name=\"twitter:card\" content=\"summary_large_image\" \/>\n<meta name=\"twitter:label1\" content=\"Tiempo estimado de lectura\" \/>\n\t<meta name=\"twitter:data1\" content=\"1 minuto\" \/>\n<script type=\"application\/ld+json\" class=\"yoast-schema-graph\">{\"@context\":\"https:\/\/schema.org\",\"@graph\":[{\"@type\":\"WebPage\",\"@id\":\"https:\/\/www.hessmay.cl\/index.php\/producto\/torniquete-inox-103b\/\",\"url\":\"https:\/\/www.hessmay.cl\/index.php\/producto\/torniquete-inox-103b\/\",\"name\":\"TORNIQUETE INOX 103B\",\"isPartOf\":{\"@id\":\"https:\/\/www.hessmay.cl\/#website\"},\"primaryImageOfPage\":{\"@id\":\"https:\/\/www.hessmay.cl\/index.php\/producto\/torniquete-inox-103b\/#primaryimage\"},\"image\":{\"@id\":\"https:\/\/www.hessmay.cl\/index.php\/producto\/torniquete-inox-103b\/#primaryimage\"},\"thumbnailUrl\":\"https:\/\/www.hessmay.cl\/wp-content\/uploads\/2023\/12\/TorniqueteINOX-103B.jpg\",\"datePublished\":\"2023-12-30T22:54:19+00:00\",\"dateModified\":\"2025-11-18T03:03:25+00:00\",\"breadcrumb\":{\"@id\":\"https:\/\/www.hessmay.cl\/index.php\/producto\/torniquete-inox-103b\/#breadcrumb\"},\"inLanguage\":\"es-CL\",\"potentialAction\":[{\"@type\":\"ReadAction\",\"target\":[\"https:\/\/www.hessmay.cl\/index.php\/producto\/torniquete-inox-103b\/\"]}]},{\"@type\":\"ImageObject\",\"inLanguage\":\"es-CL\",\"@id\":\"https:\/\/www.hessmay.cl\/index.php\/producto\/torniquete-inox-103b\/#primaryimage\",\"url\":\"https:\/\/www.hessmay.cl\/wp-content\/uploads\/2023\/12\/TorniqueteINOX-103B.jpg\",\"contentUrl\":\"https:\/\/www.hessmay.cl\/wp-content\/uploads\/2023\/12\/TorniqueteINOX-103B.jpg\",\"width\":900,\"height\":900},{\"@type\":\"BreadcrumbList\",\"@id\":\"https:\/\/www.hessmay.cl\/index.php\/producto\/torniquete-inox-103b\/#breadcrumb\",\"itemListElement\":[{\"@type\":\"ListItem\",\"position\":1,\"name\":\"Home\",\"item\":\"https:\/\/www.hessmay.cl\/\"},{\"@type\":\"ListItem\",\"position\":2,\"name\":\"Shop\",\"item\":\"https:\/\/www.hessmay.cl\/index.php\/shop\/\"},{\"@type\":\"ListItem\",\"position\":3,\"name\":\"TORNIQUETE INOX 103B\"}]},{\"@type\":\"WebSite\",\"@id\":\"https:\/\/www.hessmay.cl\/#website\",\"url\":\"https:\/\/www.hessmay.cl\/\",\"name\":\"Hessmay, Reloj Control de asistencia, Reloj control de Guardias, Control por Geolocalizaci\u00f3n, Control de Guardias,\",\"description\":\"Sistemas de control de personal\",\"publisher\":{\"@id\":\"https:\/\/www.hessmay.cl\/#organization\"},\"potentialAction\":[{\"@type\":\"SearchAction\",\"target\":{\"@type\":\"EntryPoint\",\"urlTemplate\":\"https:\/\/www.hessmay.cl\/?s={search_term_string}\"},\"query-input\":{\"@type\":\"PropertyValueSpecification\",\"valueRequired\":true,\"valueName\":\"search_term_string\"}}],\"inLanguage\":\"es-CL\"},{\"@type\":\"Organization\",\"@id\":\"https:\/\/www.hessmay.cl\/#organization\",\"name\":\"Hessmay, Reloj Control de asistencia, Reloj control de Guardias, Control por Geolocalizaci\u00f3n, Control de Guardias,\",\"url\":\"https:\/\/www.hessmay.cl\/\",\"logo\":{\"@type\":\"ImageObject\",\"inLanguage\":\"es-CL\",\"@id\":\"https:\/\/www.hessmay.cl\/#\/schema\/logo\/image\/\",\"url\":\"https:\/\/www.hessmay.cl\/wp-content\/uploads\/2024\/01\/logoHM01.png\",\"contentUrl\":\"https:\/\/www.hessmay.cl\/wp-content\/uploads\/2024\/01\/logoHM01.png\",\"width\":403,\"height\":190,\"caption\":\"Hessmay, Reloj Control de asistencia, Reloj control de Guardias, Control por Geolocalizaci\u00f3n, Control de Guardias,\"},\"image\":{\"@id\":\"https:\/\/www.hessmay.cl\/#\/schema\/logo\/image\/\"},\"sameAs\":[\"https:\/\/www.instagram.com\/hessmay_\/\"]}]}<\/script>\n<!-- \/ Yoast SEO plugin. -->","yoast_head_json":{"title":"TORNIQUETE INOX 103B","robots":{"index":"index","follow":"follow","max-snippet":"max-snippet:-1","max-image-preview":"max-image-preview:large","max-video-preview":"max-video-preview:-1"},"canonical":"https:\/\/www.hessmay.cl\/index.php\/producto\/torniquete-inox-103b\/","og_locale":"es_ES","og_type":"article","og_title":"TORNIQUETE INOX 103B","og_description":"Torniquete modelo\u00a0INOX-103B, fabricado en acero inoxidable de 1,5 m\/m de espesor Aspas bidireccionales de 50 cms, de suave movimiento, montadas sobre rodamientos Liberaci\u00f3n del torniquete ante cortes de energ\u00eda con sistema antiretroceso Alimentaci\u00f3n 220 VAC, consumo m\u00e1ximo 60W Accionamiento por Tarjetas RFID, Compatible con Dispositivos externos ya sean huella, rostro o fichero Dimensiones 98H x 52W x 28D cms, peso 34Kg.  Incluye : Servicio T\u00e9cnico exclusivo \/\u00a0Entrega Inmediata 1 A\u00f1o de Garant\u00eda   COTICE TIPOS DE ACCIONAMIENTOS\u00a0HUELLA \/ ROSTRO \/ FICHAS\u00a0  Vea Controlador de paso\u00a0Electr\u00f3nico Modelo FM-15 Accionado por fichas \/ Capacidad Tolva 1500 pcs Gabinete Met\u00e1lico y Cerradura Herm\u00e9tica Dimensiones 30\/25\/25 cms.","og_url":"https:\/\/www.hessmay.cl\/index.php\/producto\/torniquete-inox-103b\/","og_site_name":"Hessmay, Reloj Control de asistencia, Reloj control de Guardias, Control por Geolocalizaci\u00f3n, Control de Guardias,","article_publisher":"https:\/\/www.instagram.com\/hessmay_\/","article_modified_time":"2025-11-18T03:03:25+00:00","og_image":[{"width":900,"height":900,"url":"https:\/\/www.hessmay.cl\/wp-content\/uploads\/2023\/12\/TorniqueteINOX-103B.jpg","type":"image\/jpeg"}],"twitter_card":"summary_large_image","twitter_misc":{"Tiempo estimado de lectura":"1 minuto"},"schema":{"@context":"https:\/\/schema.org","@graph":[{"@type":"WebPage","@id":"https:\/\/www.hessmay.cl\/index.php\/producto\/torniquete-inox-103b\/","url":"https:\/\/www.hessmay.cl\/index.php\/producto\/torniquete-inox-103b\/","name":"TORNIQUETE INOX 103B","isPartOf":{"@id":"https:\/\/www.hessmay.cl\/#website"},"primaryImageOfPage":{"@id":"https:\/\/www.hessmay.cl\/index.php\/producto\/torniquete-inox-103b\/#primaryimage"},"image":{"@id":"https:\/\/www.hessmay.cl\/index.php\/producto\/torniquete-inox-103b\/#primaryimage"},"thumbnailUrl":"https:\/\/www.hessmay.cl\/wp-content\/uploads\/2023\/12\/TorniqueteINOX-103B.jpg","datePublished":"2023-12-30T22:54:19+00:00","dateModified":"2025-11-18T03:03:25+00:00","breadcrumb":{"@id":"https:\/\/www.hessmay.cl\/index.php\/producto\/torniquete-inox-103b\/#breadcrumb"},"inLanguage":"es-CL","potentialAction":[{"@type":"ReadAction","target":["https:\/\/www.hessmay.cl\/index.php\/producto\/torniquete-inox-103b\/"]}]},{"@type":"ImageObject","inLanguage":"es-CL","@id":"https:\/\/www.hessmay.cl\/index.php\/producto\/torniquete-inox-103b\/#primaryimage","url":"https:\/\/www.hessmay.cl\/wp-content\/uploads\/2023\/12\/TorniqueteINOX-103B.jpg","contentUrl":"https:\/\/www.hessmay.cl\/wp-content\/uploads\/2023\/12\/TorniqueteINOX-103B.jpg","width":900,"height":900},{"@type":"BreadcrumbList","@id":"https:\/\/www.hessmay.cl\/index.php\/producto\/torniquete-inox-103b\/#breadcrumb","itemListElement":[{"@type":"ListItem","position":1,"name":"Home","item":"https:\/\/www.hessmay.cl\/"},{"@type":"ListItem","position":2,"name":"Shop","item":"https:\/\/www.hessmay.cl\/index.php\/shop\/"},{"@type":"ListItem","position":3,"name":"TORNIQUETE INOX 103B"}]},{"@type":"WebSite","@id":"https:\/\/www.hessmay.cl\/#website","url":"https:\/\/www.hessmay.cl\/","name":"Hessmay, Reloj Control de asistencia, Reloj control de Guardias, Control por Geolocalizaci\u00f3n, Control de Guardias,","description":"Sistemas de control de personal","publisher":{"@id":"https:\/\/www.hessmay.cl\/#organization"},"potentialAction":[{"@type":"SearchAction","target":{"@type":"EntryPoint","urlTemplate":"https:\/\/www.hessmay.cl\/?s={search_term_string}"},"query-input":{"@type":"PropertyValueSpecification","valueRequired":true,"valueName":"search_term_string"}}],"inLanguage":"es-CL"},{"@type":"Organization","@id":"https:\/\/www.hessmay.cl\/#organization","name":"Hessmay, Reloj Control de asistencia, Reloj control de Guardias, Control por Geolocalizaci\u00f3n, Control de Guardias,","url":"https:\/\/www.hessmay.cl\/","logo":{"@type":"ImageObject","inLanguage":"es-CL","@id":"https:\/\/www.hessmay.cl\/#\/schema\/logo\/image\/","url":"https:\/\/www.hessmay.cl\/wp-content\/uploads\/2024\/01\/logoHM01.png","contentUrl":"https:\/\/www.hessmay.cl\/wp-content\/uploads\/2024\/01\/logoHM01.png","width":403,"height":190,"caption":"Hessmay, Reloj Control de asistencia, Reloj control de Guardias, Control por Geolocalizaci\u00f3n, Control de Guardias,"},"image":{"@id":"https:\/\/www.hessmay.cl\/#\/schema\/logo\/image\/"},"sameAs":["https:\/\/www.instagram.com\/hessmay_\/"]}]}},"_links":{"self":[{"href":"https:\/\/www.hessmay.cl\/index.php\/wp-json\/wp\/v2\/product\/4825","targetHints":{"allow":["GET"]}}],"collection":[{"href":"https:\/\/www.hessmay.cl\/index.php\/wp-json\/wp\/v2\/product"}],"about":[{"href":"https:\/\/www.hessmay.cl\/index.php\/wp-json\/wp\/v2\/types\/product"}],"replies":[{"embeddable":true,"href":"https:\/\/www.hessmay.cl\/index.php\/wp-json\/wp\/v2\/comments?post=4825"}],"wp:featuredmedia":[{"embeddable":true,"href":"https:\/\/www.hessmay.cl\/index.php\/wp-json\/wp\/v2\/media\/4972"}],"wp:attachment":[{"href":"https:\/\/www.hessmay.cl\/index.php\/wp-json\/wp\/v2\/media?parent=4825"}],"wp:term":[{"taxonomy":"product_brand","embeddable":true,"href":"https:\/\/www.hessmay.cl\/index.php\/wp-json\/wp\/v2\/product_brand?post=4825"},{"taxonomy":"product_cat","embeddable":true,"href":"https:\/\/www.hessmay.cl\/index.php\/wp-json\/wp\/v2\/product_cat?post=4825"},{"taxonomy":"product_tag","embeddable":true,"href":"https:\/\/www.hessmay.cl\/index.php\/wp-json\/wp\/v2\/product_tag?post=4825"}],"curies":[{"name":"wp","href":"https:\/\/api.w.org\/{rel}","templated":true}]}}