{"id":4822,"date":"2023-12-30T19:22:59","date_gmt":"2023-12-30T22:22:59","guid":{"rendered":"https:\/\/www.grupocomunicacional.cl\/hessmay_web\/product\/reloj-calendario-qd-45-copy\/"},"modified":"2025-11-17T17:04:45","modified_gmt":"2025-11-17T20:04:45","slug":"reloj-via-publica-hmt-45","status":"publish","type":"product","link":"https:\/\/www.hessmay.cl\/index.php\/producto\/reloj-via-publica-hmt-45\/","title":{"rendered":"RELOJ VIA PUBLICA HMT-45"},"content":{"rendered":"","protected":false},"excerpt":{"rendered":"<p><strong>Reloj V\u00eda P\u00fablica, Modelo HMT-45, LED, de gran atracci\u00f3n<\/strong><br \/>\n<strong>con indicaci\u00f3n de\u00a0<\/strong><strong>hora \/ minuto \/ temperatura \/ fecha \/ 1 cara<br \/>\n<\/strong><strong>Visibilidad de gran eficiencia mayor a 200 mts con LED rojos<br \/>\n<\/strong><strong>Control Remoto y Antena GPS para sincronizar hora<br \/>\n<\/strong>Respaldo de programaci\u00f3n ante cortes de energ\u00eda, 2 a\u00f1os con bater\u00eda de litio<br \/>\n<strong>Norma IP54 \/ Alto digito 45 cms \/ T\u00ba entre -10\u00baC a 50\u00baC<br \/>\n<\/strong>Precisi\u00f3n 0.05 seg.\/d\u00eda, alimentaci\u00f3n 220 volts \/ 88 Watts<br \/>\n<strong>Ideal para aeropuertos, estaciones del metro, hospitales, oficinas<\/strong><br \/>\n<strong>p\u00fablicas, industrias, comercio y empresas o dise\u00f1o de espacios<\/strong><br \/>\n<strong>publicitarios que adem\u00e1s resultan de utilidad p\u00fablica y\u00a0 de\u00a0<\/strong><br \/>\n<strong>propaganda Institucional<br \/>\n<\/strong>Dimensiones<strong>\u00a0176 \/ 63 \/ 10<\/strong>\u00a0cms, peso 21Kg.<\/p>\n<p><strong>Incluye :<br \/>\n<\/strong>Servicio T\u00e9cnico exclusivo \/\u00a0<span style=\"color: #ff0000;\"><strong>Entrega 30 d\u00edas<br \/>\n<\/strong><\/span><strong>2 A\u00f1os Garant\u00eda<\/strong><\/p>\n","protected":false},"featured_media":4824,"comment_status":"open","ping_status":"closed","template":"","meta":{"_joinchat":{"telephone":"+56962351451","message_text":"Necesitas consultar por {PRODUCT}"}},"product_brand":[],"product_cat":[41],"product_tag":[],"class_list":{"0":"post-4822","1":"product","2":"type-product","3":"status-publish","4":"has-post-thumbnail","6":"product_cat-reloj-calendario-via-publica","8":"first","9":"instock","10":"shipping-taxable","11":"product-type-simple"},"yoast_head":"<!-- This site is optimized with the Yoast SEO plugin v26.4 - https:\/\/yoast.com\/wordpress\/plugins\/seo\/ -->\n<title>RELOJ VIA PUBLICA HMT-45<\/title>\n<meta name=\"robots\" content=\"index, follow, max-snippet:-1, max-image-preview:large, max-video-preview:-1\" \/>\n<link rel=\"canonical\" href=\"https:\/\/www.hessmay.cl\/index.php\/producto\/reloj-via-publica-hmt-45\/\" \/>\n<meta property=\"og:locale\" content=\"es_ES\" \/>\n<meta property=\"og:type\" content=\"article\" \/>\n<meta property=\"og:title\" content=\"RELOJ VIA PUBLICA HMT-45\" \/>\n<meta property=\"og:description\" content=\"Reloj V\u00eda P\u00fablica, Modelo HMT-45, LED, de gran atracci\u00f3n con indicaci\u00f3n de\u00a0hora \/ minuto \/ temperatura \/ fecha \/ 1 cara Visibilidad de gran eficiencia mayor a 200 mts con LED rojos Control Remoto y Antena GPS para sincronizar hora Respaldo de programaci\u00f3n ante cortes de energ\u00eda, 2 a\u00f1os con bater\u00eda de litio Norma IP54 \/ Alto digito 45 cms \/ T\u00ba entre -10\u00baC a 50\u00baC Precisi\u00f3n 0.05 seg.\/d\u00eda, alimentaci\u00f3n 220 volts \/ 88 Watts Ideal para aeropuertos, estaciones del metro, hospitales, oficinas p\u00fablicas, industrias, comercio y empresas o dise\u00f1o de espacios publicitarios que adem\u00e1s resultan de utilidad p\u00fablica y\u00a0 de\u00a0 propaganda Institucional Dimensiones\u00a0176 \/ 63 \/ 10\u00a0cms, peso 21Kg.  Incluye : Servicio T\u00e9cnico exclusivo \/\u00a0Entrega 30 d\u00edas 2 A\u00f1os Garant\u00eda\" \/>\n<meta property=\"og:url\" content=\"https:\/\/www.hessmay.cl\/index.php\/producto\/reloj-via-publica-hmt-45\/\" \/>\n<meta property=\"og:site_name\" content=\"Hessmay, Reloj Control de asistencia, Reloj control de Guardias, Control por Geolocalizaci\u00f3n, Control de Guardias,\" \/>\n<meta property=\"article:publisher\" content=\"https:\/\/www.instagram.com\/hessmay_\/\" \/>\n<meta property=\"article:modified_time\" content=\"2025-11-17T20:04:45+00:00\" \/>\n<meta property=\"og:image\" content=\"https:\/\/www.hessmay.cl\/wp-content\/uploads\/2023\/12\/Reloj_Via_publica_HMT_45.jpg\" \/>\n\t<meta property=\"og:image:width\" content=\"900\" \/>\n\t<meta property=\"og:image:height\" content=\"900\" \/>\n\t<meta property=\"og:image:type\" content=\"image\/jpeg\" \/>\n<meta name=\"twitter:card\" content=\"summary_large_image\" \/>\n<meta name=\"twitter:label1\" content=\"Tiempo estimado de lectura\" \/>\n\t<meta name=\"twitter:data1\" content=\"1 minuto\" \/>\n<script type=\"application\/ld+json\" class=\"yoast-schema-graph\">{\"@context\":\"https:\/\/schema.org\",\"@graph\":[{\"@type\":\"WebPage\",\"@id\":\"https:\/\/www.hessmay.cl\/index.php\/producto\/reloj-via-publica-hmt-45\/\",\"url\":\"https:\/\/www.hessmay.cl\/index.php\/producto\/reloj-via-publica-hmt-45\/\",\"name\":\"RELOJ VIA PUBLICA HMT-45\",\"isPartOf\":{\"@id\":\"https:\/\/www.hessmay.cl\/#website\"},\"primaryImageOfPage\":{\"@id\":\"https:\/\/www.hessmay.cl\/index.php\/producto\/reloj-via-publica-hmt-45\/#primaryimage\"},\"image\":{\"@id\":\"https:\/\/www.hessmay.cl\/index.php\/producto\/reloj-via-publica-hmt-45\/#primaryimage\"},\"thumbnailUrl\":\"https:\/\/www.hessmay.cl\/wp-content\/uploads\/2023\/12\/Reloj_Via_publica_HMT_45.jpg\",\"datePublished\":\"2023-12-30T22:22:59+00:00\",\"dateModified\":\"2025-11-17T20:04:45+00:00\",\"breadcrumb\":{\"@id\":\"https:\/\/www.hessmay.cl\/index.php\/producto\/reloj-via-publica-hmt-45\/#breadcrumb\"},\"inLanguage\":\"es-CL\",\"potentialAction\":[{\"@type\":\"ReadAction\",\"target\":[\"https:\/\/www.hessmay.cl\/index.php\/producto\/reloj-via-publica-hmt-45\/\"]}]},{\"@type\":\"ImageObject\",\"inLanguage\":\"es-CL\",\"@id\":\"https:\/\/www.hessmay.cl\/index.php\/producto\/reloj-via-publica-hmt-45\/#primaryimage\",\"url\":\"https:\/\/www.hessmay.cl\/wp-content\/uploads\/2023\/12\/Reloj_Via_publica_HMT_45.jpg\",\"contentUrl\":\"https:\/\/www.hessmay.cl\/wp-content\/uploads\/2023\/12\/Reloj_Via_publica_HMT_45.jpg\",\"width\":900,\"height\":900},{\"@type\":\"BreadcrumbList\",\"@id\":\"https:\/\/www.hessmay.cl\/index.php\/producto\/reloj-via-publica-hmt-45\/#breadcrumb\",\"itemListElement\":[{\"@type\":\"ListItem\",\"position\":1,\"name\":\"Home\",\"item\":\"https:\/\/www.hessmay.cl\/\"},{\"@type\":\"ListItem\",\"position\":2,\"name\":\"Shop\",\"item\":\"https:\/\/www.hessmay.cl\/index.php\/shop\/\"},{\"@type\":\"ListItem\",\"position\":3,\"name\":\"RELOJ VIA PUBLICA HMT-45\"}]},{\"@type\":\"WebSite\",\"@id\":\"https:\/\/www.hessmay.cl\/#website\",\"url\":\"https:\/\/www.hessmay.cl\/\",\"name\":\"Hessmay, Reloj Control de asistencia, Reloj control de Guardias, Control por Geolocalizaci\u00f3n, Control de Guardias,\",\"description\":\"Sistemas de control de personal\",\"publisher\":{\"@id\":\"https:\/\/www.hessmay.cl\/#organization\"},\"potentialAction\":[{\"@type\":\"SearchAction\",\"target\":{\"@type\":\"EntryPoint\",\"urlTemplate\":\"https:\/\/www.hessmay.cl\/?s={search_term_string}\"},\"query-input\":{\"@type\":\"PropertyValueSpecification\",\"valueRequired\":true,\"valueName\":\"search_term_string\"}}],\"inLanguage\":\"es-CL\"},{\"@type\":\"Organization\",\"@id\":\"https:\/\/www.hessmay.cl\/#organization\",\"name\":\"Hessmay, Reloj Control de asistencia, Reloj control de Guardias, Control por Geolocalizaci\u00f3n, Control de Guardias,\",\"url\":\"https:\/\/www.hessmay.cl\/\",\"logo\":{\"@type\":\"ImageObject\",\"inLanguage\":\"es-CL\",\"@id\":\"https:\/\/www.hessmay.cl\/#\/schema\/logo\/image\/\",\"url\":\"https:\/\/www.hessmay.cl\/wp-content\/uploads\/2024\/01\/logoHM01.png\",\"contentUrl\":\"https:\/\/www.hessmay.cl\/wp-content\/uploads\/2024\/01\/logoHM01.png\",\"width\":403,\"height\":190,\"caption\":\"Hessmay, Reloj Control de asistencia, Reloj control de Guardias, Control por Geolocalizaci\u00f3n, Control de Guardias,\"},\"image\":{\"@id\":\"https:\/\/www.hessmay.cl\/#\/schema\/logo\/image\/\"},\"sameAs\":[\"https:\/\/www.instagram.com\/hessmay_\/\"]}]}<\/script>\n<!-- \/ Yoast SEO plugin. -->","yoast_head_json":{"title":"RELOJ VIA PUBLICA HMT-45","robots":{"index":"index","follow":"follow","max-snippet":"max-snippet:-1","max-image-preview":"max-image-preview:large","max-video-preview":"max-video-preview:-1"},"canonical":"https:\/\/www.hessmay.cl\/index.php\/producto\/reloj-via-publica-hmt-45\/","og_locale":"es_ES","og_type":"article","og_title":"RELOJ VIA PUBLICA HMT-45","og_description":"Reloj V\u00eda P\u00fablica, Modelo HMT-45, LED, de gran atracci\u00f3n con indicaci\u00f3n de\u00a0hora \/ minuto \/ temperatura \/ fecha \/ 1 cara Visibilidad de gran eficiencia mayor a 200 mts con LED rojos Control Remoto y Antena GPS para sincronizar hora Respaldo de programaci\u00f3n ante cortes de energ\u00eda, 2 a\u00f1os con bater\u00eda de litio Norma IP54 \/ Alto digito 45 cms \/ T\u00ba entre -10\u00baC a 50\u00baC Precisi\u00f3n 0.05 seg.\/d\u00eda, alimentaci\u00f3n 220 volts \/ 88 Watts Ideal para aeropuertos, estaciones del metro, hospitales, oficinas p\u00fablicas, industrias, comercio y empresas o dise\u00f1o de espacios publicitarios que adem\u00e1s resultan de utilidad p\u00fablica y\u00a0 de\u00a0 propaganda Institucional Dimensiones\u00a0176 \/ 63 \/ 10\u00a0cms, peso 21Kg.  Incluye : Servicio T\u00e9cnico exclusivo \/\u00a0Entrega 30 d\u00edas 2 A\u00f1os Garant\u00eda","og_url":"https:\/\/www.hessmay.cl\/index.php\/producto\/reloj-via-publica-hmt-45\/","og_site_name":"Hessmay, Reloj Control de asistencia, Reloj control de Guardias, Control por Geolocalizaci\u00f3n, Control de Guardias,","article_publisher":"https:\/\/www.instagram.com\/hessmay_\/","article_modified_time":"2025-11-17T20:04:45+00:00","og_image":[{"width":900,"height":900,"url":"https:\/\/www.hessmay.cl\/wp-content\/uploads\/2023\/12\/Reloj_Via_publica_HMT_45.jpg","type":"image\/jpeg"}],"twitter_card":"summary_large_image","twitter_misc":{"Tiempo estimado de lectura":"1 minuto"},"schema":{"@context":"https:\/\/schema.org","@graph":[{"@type":"WebPage","@id":"https:\/\/www.hessmay.cl\/index.php\/producto\/reloj-via-publica-hmt-45\/","url":"https:\/\/www.hessmay.cl\/index.php\/producto\/reloj-via-publica-hmt-45\/","name":"RELOJ VIA PUBLICA HMT-45","isPartOf":{"@id":"https:\/\/www.hessmay.cl\/#website"},"primaryImageOfPage":{"@id":"https:\/\/www.hessmay.cl\/index.php\/producto\/reloj-via-publica-hmt-45\/#primaryimage"},"image":{"@id":"https:\/\/www.hessmay.cl\/index.php\/producto\/reloj-via-publica-hmt-45\/#primaryimage"},"thumbnailUrl":"https:\/\/www.hessmay.cl\/wp-content\/uploads\/2023\/12\/Reloj_Via_publica_HMT_45.jpg","datePublished":"2023-12-30T22:22:59+00:00","dateModified":"2025-11-17T20:04:45+00:00","breadcrumb":{"@id":"https:\/\/www.hessmay.cl\/index.php\/producto\/reloj-via-publica-hmt-45\/#breadcrumb"},"inLanguage":"es-CL","potentialAction":[{"@type":"ReadAction","target":["https:\/\/www.hessmay.cl\/index.php\/producto\/reloj-via-publica-hmt-45\/"]}]},{"@type":"ImageObject","inLanguage":"es-CL","@id":"https:\/\/www.hessmay.cl\/index.php\/producto\/reloj-via-publica-hmt-45\/#primaryimage","url":"https:\/\/www.hessmay.cl\/wp-content\/uploads\/2023\/12\/Reloj_Via_publica_HMT_45.jpg","contentUrl":"https:\/\/www.hessmay.cl\/wp-content\/uploads\/2023\/12\/Reloj_Via_publica_HMT_45.jpg","width":900,"height":900},{"@type":"BreadcrumbList","@id":"https:\/\/www.hessmay.cl\/index.php\/producto\/reloj-via-publica-hmt-45\/#breadcrumb","itemListElement":[{"@type":"ListItem","position":1,"name":"Home","item":"https:\/\/www.hessmay.cl\/"},{"@type":"ListItem","position":2,"name":"Shop","item":"https:\/\/www.hessmay.cl\/index.php\/shop\/"},{"@type":"ListItem","position":3,"name":"RELOJ VIA PUBLICA HMT-45"}]},{"@type":"WebSite","@id":"https:\/\/www.hessmay.cl\/#website","url":"https:\/\/www.hessmay.cl\/","name":"Hessmay, Reloj Control de asistencia, Reloj control de Guardias, Control por Geolocalizaci\u00f3n, Control de Guardias,","description":"Sistemas de control de personal","publisher":{"@id":"https:\/\/www.hessmay.cl\/#organization"},"potentialAction":[{"@type":"SearchAction","target":{"@type":"EntryPoint","urlTemplate":"https:\/\/www.hessmay.cl\/?s={search_term_string}"},"query-input":{"@type":"PropertyValueSpecification","valueRequired":true,"valueName":"search_term_string"}}],"inLanguage":"es-CL"},{"@type":"Organization","@id":"https:\/\/www.hessmay.cl\/#organization","name":"Hessmay, Reloj Control de asistencia, Reloj control de Guardias, Control por Geolocalizaci\u00f3n, Control de Guardias,","url":"https:\/\/www.hessmay.cl\/","logo":{"@type":"ImageObject","inLanguage":"es-CL","@id":"https:\/\/www.hessmay.cl\/#\/schema\/logo\/image\/","url":"https:\/\/www.hessmay.cl\/wp-content\/uploads\/2024\/01\/logoHM01.png","contentUrl":"https:\/\/www.hessmay.cl\/wp-content\/uploads\/2024\/01\/logoHM01.png","width":403,"height":190,"caption":"Hessmay, Reloj Control de asistencia, Reloj control de Guardias, Control por Geolocalizaci\u00f3n, Control de Guardias,"},"image":{"@id":"https:\/\/www.hessmay.cl\/#\/schema\/logo\/image\/"},"sameAs":["https:\/\/www.instagram.com\/hessmay_\/"]}]}},"_links":{"self":[{"href":"https:\/\/www.hessmay.cl\/index.php\/wp-json\/wp\/v2\/product\/4822","targetHints":{"allow":["GET"]}}],"collection":[{"href":"https:\/\/www.hessmay.cl\/index.php\/wp-json\/wp\/v2\/product"}],"about":[{"href":"https:\/\/www.hessmay.cl\/index.php\/wp-json\/wp\/v2\/types\/product"}],"replies":[{"embeddable":true,"href":"https:\/\/www.hessmay.cl\/index.php\/wp-json\/wp\/v2\/comments?post=4822"}],"wp:featuredmedia":[{"embeddable":true,"href":"https:\/\/www.hessmay.cl\/index.php\/wp-json\/wp\/v2\/media\/4824"}],"wp:attachment":[{"href":"https:\/\/www.hessmay.cl\/index.php\/wp-json\/wp\/v2\/media?parent=4822"}],"wp:term":[{"taxonomy":"product_brand","embeddable":true,"href":"https:\/\/www.hessmay.cl\/index.php\/wp-json\/wp\/v2\/product_brand?post=4822"},{"taxonomy":"product_cat","embeddable":true,"href":"https:\/\/www.hessmay.cl\/index.php\/wp-json\/wp\/v2\/product_cat?post=4822"},{"taxonomy":"product_tag","embeddable":true,"href":"https:\/\/www.hessmay.cl\/index.php\/wp-json\/wp\/v2\/product_tag?post=4822"}],"curies":[{"name":"wp","href":"https:\/\/api.w.org\/{rel}","templated":true}]}}