{"id":4776,"date":"2023-12-25T21:40:24","date_gmt":"2023-12-26T00:40:24","guid":{"rendered":"https:\/\/www.grupocomunicacional.cl\/hessmay_web\/product\/reloj-control-asistencia-ut-800-copy\/"},"modified":"2025-11-17T11:27:03","modified_gmt":"2025-11-17T14:27:03","slug":"reloj-control-asistencia-ut-120","status":"publish","type":"product","link":"https:\/\/www.hessmay.cl\/index.php\/producto\/reloj-control-asistencia-ut-120\/","title":{"rendered":"RELOJ CONTROL ASISTENCIA UT-120"},"content":{"rendered":"","protected":false},"excerpt":{"rendered":"<p>Reloj Control Asistencia,\u00a0<strong>Modelo UT-120<\/strong>, electr\u00f3nico,\u00a0<strong>Pantalla TOUCH<br \/>\n<\/strong><strong>Idem Celulares,<\/strong>\u00a0Programaci\u00f3n f\u00e1cil, r\u00e1pida e Intuitiva, Display de<br \/>\n<strong>Alta visibilidad<\/strong>\u00a0con tecnolog\u00eda TFT.<br \/>\nUso mural o sobremesa,\u00a0<strong>tarjeta de control de 82 mm<\/strong>.<br \/>\nCambio autom\u00e1tico Hora Invierno \/ Verano.<br \/>\n<strong>Ajuste autom\u00e1tico de meses con menos de 31 d\u00edas<\/strong>.<br \/>\nSensores \u00f3pticos que indican el lado correcto de la tarjeta.<br \/>\n24 set de se\u00f1ales para activaci\u00f3n de timbres.<br \/>\nChip y componentes electr\u00f3nicos de\u00a0<strong>procedencia Japonesa<\/strong>.<br \/>\nSistema de impresi\u00f3n con matr\u00edz de punto de alta velocidad, cinta en Catridge.<br \/>\nRespaldo de programaci\u00f3n por cortes de energ\u00eda ( 2 a\u00f1os ).<br \/>\n<strong>Buz\u00f3n de 4 posiciones<\/strong>\u00a0y selecci\u00f3n\u00a0autom\u00e1tica de entradas y salidas.<br \/>\n<strong>Indicador de atrasos, promedio usuarios 10 prs.<br \/>\n<\/strong>Para ambientes limpios y personal administrativo<strong>.<br \/>\n<\/strong>Dimensiones 135\/ 210\/ 100 mm.<\/p>\n<p><strong>Incluye :<\/strong><\/p>\n<p>1 Paquete de 50 tarjetas \/ Instrucciones de uso Online<br \/>\n<strong>1 A\u00f1o de Garantia \/\u00a0<\/strong>Servicio\u00a0T\u00e9cnico exclusivo \/\u00a0Entrega inmediata<\/p>\n","protected":false},"featured_media":4969,"comment_status":"open","ping_status":"closed","template":"","meta":{"_joinchat":{"telephone":"+56962351451","message_text":"Necesitas consultar por {PRODUCT}"}},"product_brand":[],"product_cat":[35],"product_tag":[],"class_list":{"0":"post-4776","1":"product","2":"type-product","3":"status-publish","4":"has-post-thumbnail","6":"product_cat-reloj-control-de-asistencia","8":"first","9":"instock","10":"shipping-taxable","11":"product-type-simple"},"yoast_head":"<!-- This site is optimized with the Yoast SEO plugin v26.4 - https:\/\/yoast.com\/wordpress\/plugins\/seo\/ -->\n<title>RELOJ CONTROL ASISTENCIA UT-120<\/title>\n<meta name=\"robots\" content=\"index, follow, max-snippet:-1, max-image-preview:large, max-video-preview:-1\" \/>\n<link rel=\"canonical\" href=\"https:\/\/www.hessmay.cl\/index.php\/producto\/reloj-control-asistencia-ut-120\/\" \/>\n<meta property=\"og:locale\" content=\"es_ES\" \/>\n<meta property=\"og:type\" content=\"article\" \/>\n<meta property=\"og:title\" content=\"RELOJ CONTROL ASISTENCIA UT-120\" \/>\n<meta property=\"og:description\" content=\"Reloj Control Asistencia,\u00a0Modelo UT-120, electr\u00f3nico,\u00a0Pantalla TOUCH Idem Celulares,\u00a0Programaci\u00f3n f\u00e1cil, r\u00e1pida e Intuitiva, Display de Alta visibilidad\u00a0con tecnolog\u00eda TFT. Uso mural o sobremesa,\u00a0tarjeta de control de 82 mm. Cambio autom\u00e1tico Hora Invierno \/ Verano. Ajuste autom\u00e1tico de meses con menos de 31 d\u00edas. Sensores \u00f3pticos que indican el lado correcto de la tarjeta. 24 set de se\u00f1ales para activaci\u00f3n de timbres. Chip y componentes electr\u00f3nicos de\u00a0procedencia Japonesa. Sistema de impresi\u00f3n con matr\u00edz de punto de alta velocidad, cinta en Catridge. Respaldo de programaci\u00f3n por cortes de energ\u00eda ( 2 a\u00f1os ). Buz\u00f3n de 4 posiciones\u00a0y selecci\u00f3n\u00a0autom\u00e1tica de entradas y salidas. Indicador de atrasos, promedio usuarios 10 prs. Para ambientes limpios y personal administrativo. Dimensiones 135\/ 210\/ 100 mm.  Incluye :  1 Paquete de 50 tarjetas \/ Instrucciones de uso Online 1 A\u00f1o de Garantia \/\u00a0Servicio\u00a0T\u00e9cnico exclusivo \/\u00a0Entrega inmediata\" \/>\n<meta property=\"og:url\" content=\"https:\/\/www.hessmay.cl\/index.php\/producto\/reloj-control-asistencia-ut-120\/\" \/>\n<meta property=\"og:site_name\" content=\"Hessmay, Reloj Control de asistencia, Reloj control de Guardias, Control por Geolocalizaci\u00f3n, Control de Guardias,\" \/>\n<meta property=\"article:publisher\" content=\"https:\/\/www.instagram.com\/hessmay_\/\" \/>\n<meta property=\"article:modified_time\" content=\"2025-11-17T14:27:03+00:00\" \/>\n<meta property=\"og:image\" content=\"https:\/\/www.hessmay.cl\/wp-content\/uploads\/2023\/12\/RELOJ_UT_120.jpg\" \/>\n\t<meta property=\"og:image:width\" content=\"900\" \/>\n\t<meta property=\"og:image:height\" content=\"900\" \/>\n\t<meta property=\"og:image:type\" content=\"image\/jpeg\" \/>\n<meta name=\"twitter:card\" content=\"summary_large_image\" \/>\n<meta name=\"twitter:label1\" content=\"Tiempo estimado de lectura\" \/>\n\t<meta name=\"twitter:data1\" content=\"1 minuto\" \/>\n<script type=\"application\/ld+json\" class=\"yoast-schema-graph\">{\"@context\":\"https:\/\/schema.org\",\"@graph\":[{\"@type\":\"WebPage\",\"@id\":\"https:\/\/www.hessmay.cl\/index.php\/producto\/reloj-control-asistencia-ut-120\/\",\"url\":\"https:\/\/www.hessmay.cl\/index.php\/producto\/reloj-control-asistencia-ut-120\/\",\"name\":\"RELOJ CONTROL ASISTENCIA UT-120\",\"isPartOf\":{\"@id\":\"https:\/\/www.hessmay.cl\/#website\"},\"primaryImageOfPage\":{\"@id\":\"https:\/\/www.hessmay.cl\/index.php\/producto\/reloj-control-asistencia-ut-120\/#primaryimage\"},\"image\":{\"@id\":\"https:\/\/www.hessmay.cl\/index.php\/producto\/reloj-control-asistencia-ut-120\/#primaryimage\"},\"thumbnailUrl\":\"https:\/\/www.hessmay.cl\/wp-content\/uploads\/2023\/12\/RELOJ_UT_120.jpg\",\"datePublished\":\"2023-12-26T00:40:24+00:00\",\"dateModified\":\"2025-11-17T14:27:03+00:00\",\"breadcrumb\":{\"@id\":\"https:\/\/www.hessmay.cl\/index.php\/producto\/reloj-control-asistencia-ut-120\/#breadcrumb\"},\"inLanguage\":\"es-CL\",\"potentialAction\":[{\"@type\":\"ReadAction\",\"target\":[\"https:\/\/www.hessmay.cl\/index.php\/producto\/reloj-control-asistencia-ut-120\/\"]}]},{\"@type\":\"ImageObject\",\"inLanguage\":\"es-CL\",\"@id\":\"https:\/\/www.hessmay.cl\/index.php\/producto\/reloj-control-asistencia-ut-120\/#primaryimage\",\"url\":\"https:\/\/www.hessmay.cl\/wp-content\/uploads\/2023\/12\/RELOJ_UT_120.jpg\",\"contentUrl\":\"https:\/\/www.hessmay.cl\/wp-content\/uploads\/2023\/12\/RELOJ_UT_120.jpg\",\"width\":900,\"height\":900},{\"@type\":\"BreadcrumbList\",\"@id\":\"https:\/\/www.hessmay.cl\/index.php\/producto\/reloj-control-asistencia-ut-120\/#breadcrumb\",\"itemListElement\":[{\"@type\":\"ListItem\",\"position\":1,\"name\":\"Home\",\"item\":\"https:\/\/www.hessmay.cl\/\"},{\"@type\":\"ListItem\",\"position\":2,\"name\":\"Shop\",\"item\":\"https:\/\/www.hessmay.cl\/index.php\/shop\/\"},{\"@type\":\"ListItem\",\"position\":3,\"name\":\"RELOJ CONTROL ASISTENCIA UT-120\"}]},{\"@type\":\"WebSite\",\"@id\":\"https:\/\/www.hessmay.cl\/#website\",\"url\":\"https:\/\/www.hessmay.cl\/\",\"name\":\"Hessmay, Reloj Control de asistencia, Reloj control de Guardias, Control por Geolocalizaci\u00f3n, Control de Guardias,\",\"description\":\"Sistemas de control de personal\",\"publisher\":{\"@id\":\"https:\/\/www.hessmay.cl\/#organization\"},\"potentialAction\":[{\"@type\":\"SearchAction\",\"target\":{\"@type\":\"EntryPoint\",\"urlTemplate\":\"https:\/\/www.hessmay.cl\/?s={search_term_string}\"},\"query-input\":{\"@type\":\"PropertyValueSpecification\",\"valueRequired\":true,\"valueName\":\"search_term_string\"}}],\"inLanguage\":\"es-CL\"},{\"@type\":\"Organization\",\"@id\":\"https:\/\/www.hessmay.cl\/#organization\",\"name\":\"Hessmay, Reloj Control de asistencia, Reloj control de Guardias, Control por Geolocalizaci\u00f3n, Control de Guardias,\",\"url\":\"https:\/\/www.hessmay.cl\/\",\"logo\":{\"@type\":\"ImageObject\",\"inLanguage\":\"es-CL\",\"@id\":\"https:\/\/www.hessmay.cl\/#\/schema\/logo\/image\/\",\"url\":\"https:\/\/www.hessmay.cl\/wp-content\/uploads\/2024\/01\/logoHM01.png\",\"contentUrl\":\"https:\/\/www.hessmay.cl\/wp-content\/uploads\/2024\/01\/logoHM01.png\",\"width\":403,\"height\":190,\"caption\":\"Hessmay, Reloj Control de asistencia, Reloj control de Guardias, Control por Geolocalizaci\u00f3n, Control de Guardias,\"},\"image\":{\"@id\":\"https:\/\/www.hessmay.cl\/#\/schema\/logo\/image\/\"},\"sameAs\":[\"https:\/\/www.instagram.com\/hessmay_\/\"]}]}<\/script>\n<!-- \/ Yoast SEO plugin. -->","yoast_head_json":{"title":"RELOJ CONTROL ASISTENCIA UT-120","robots":{"index":"index","follow":"follow","max-snippet":"max-snippet:-1","max-image-preview":"max-image-preview:large","max-video-preview":"max-video-preview:-1"},"canonical":"https:\/\/www.hessmay.cl\/index.php\/producto\/reloj-control-asistencia-ut-120\/","og_locale":"es_ES","og_type":"article","og_title":"RELOJ CONTROL ASISTENCIA UT-120","og_description":"Reloj Control Asistencia,\u00a0Modelo UT-120, electr\u00f3nico,\u00a0Pantalla TOUCH Idem Celulares,\u00a0Programaci\u00f3n f\u00e1cil, r\u00e1pida e Intuitiva, Display de Alta visibilidad\u00a0con tecnolog\u00eda TFT. Uso mural o sobremesa,\u00a0tarjeta de control de 82 mm. Cambio autom\u00e1tico Hora Invierno \/ Verano. Ajuste autom\u00e1tico de meses con menos de 31 d\u00edas. Sensores \u00f3pticos que indican el lado correcto de la tarjeta. 24 set de se\u00f1ales para activaci\u00f3n de timbres. Chip y componentes electr\u00f3nicos de\u00a0procedencia Japonesa. Sistema de impresi\u00f3n con matr\u00edz de punto de alta velocidad, cinta en Catridge. Respaldo de programaci\u00f3n por cortes de energ\u00eda ( 2 a\u00f1os ). Buz\u00f3n de 4 posiciones\u00a0y selecci\u00f3n\u00a0autom\u00e1tica de entradas y salidas. Indicador de atrasos, promedio usuarios 10 prs. Para ambientes limpios y personal administrativo. Dimensiones 135\/ 210\/ 100 mm.  Incluye :  1 Paquete de 50 tarjetas \/ Instrucciones de uso Online 1 A\u00f1o de Garantia \/\u00a0Servicio\u00a0T\u00e9cnico exclusivo \/\u00a0Entrega inmediata","og_url":"https:\/\/www.hessmay.cl\/index.php\/producto\/reloj-control-asistencia-ut-120\/","og_site_name":"Hessmay, Reloj Control de asistencia, Reloj control de Guardias, Control por Geolocalizaci\u00f3n, Control de Guardias,","article_publisher":"https:\/\/www.instagram.com\/hessmay_\/","article_modified_time":"2025-11-17T14:27:03+00:00","og_image":[{"width":900,"height":900,"url":"https:\/\/www.hessmay.cl\/wp-content\/uploads\/2023\/12\/RELOJ_UT_120.jpg","type":"image\/jpeg"}],"twitter_card":"summary_large_image","twitter_misc":{"Tiempo estimado de lectura":"1 minuto"},"schema":{"@context":"https:\/\/schema.org","@graph":[{"@type":"WebPage","@id":"https:\/\/www.hessmay.cl\/index.php\/producto\/reloj-control-asistencia-ut-120\/","url":"https:\/\/www.hessmay.cl\/index.php\/producto\/reloj-control-asistencia-ut-120\/","name":"RELOJ CONTROL ASISTENCIA UT-120","isPartOf":{"@id":"https:\/\/www.hessmay.cl\/#website"},"primaryImageOfPage":{"@id":"https:\/\/www.hessmay.cl\/index.php\/producto\/reloj-control-asistencia-ut-120\/#primaryimage"},"image":{"@id":"https:\/\/www.hessmay.cl\/index.php\/producto\/reloj-control-asistencia-ut-120\/#primaryimage"},"thumbnailUrl":"https:\/\/www.hessmay.cl\/wp-content\/uploads\/2023\/12\/RELOJ_UT_120.jpg","datePublished":"2023-12-26T00:40:24+00:00","dateModified":"2025-11-17T14:27:03+00:00","breadcrumb":{"@id":"https:\/\/www.hessmay.cl\/index.php\/producto\/reloj-control-asistencia-ut-120\/#breadcrumb"},"inLanguage":"es-CL","potentialAction":[{"@type":"ReadAction","target":["https:\/\/www.hessmay.cl\/index.php\/producto\/reloj-control-asistencia-ut-120\/"]}]},{"@type":"ImageObject","inLanguage":"es-CL","@id":"https:\/\/www.hessmay.cl\/index.php\/producto\/reloj-control-asistencia-ut-120\/#primaryimage","url":"https:\/\/www.hessmay.cl\/wp-content\/uploads\/2023\/12\/RELOJ_UT_120.jpg","contentUrl":"https:\/\/www.hessmay.cl\/wp-content\/uploads\/2023\/12\/RELOJ_UT_120.jpg","width":900,"height":900},{"@type":"BreadcrumbList","@id":"https:\/\/www.hessmay.cl\/index.php\/producto\/reloj-control-asistencia-ut-120\/#breadcrumb","itemListElement":[{"@type":"ListItem","position":1,"name":"Home","item":"https:\/\/www.hessmay.cl\/"},{"@type":"ListItem","position":2,"name":"Shop","item":"https:\/\/www.hessmay.cl\/index.php\/shop\/"},{"@type":"ListItem","position":3,"name":"RELOJ CONTROL ASISTENCIA UT-120"}]},{"@type":"WebSite","@id":"https:\/\/www.hessmay.cl\/#website","url":"https:\/\/www.hessmay.cl\/","name":"Hessmay, Reloj Control de asistencia, Reloj control de Guardias, Control por Geolocalizaci\u00f3n, Control de Guardias,","description":"Sistemas de control de personal","publisher":{"@id":"https:\/\/www.hessmay.cl\/#organization"},"potentialAction":[{"@type":"SearchAction","target":{"@type":"EntryPoint","urlTemplate":"https:\/\/www.hessmay.cl\/?s={search_term_string}"},"query-input":{"@type":"PropertyValueSpecification","valueRequired":true,"valueName":"search_term_string"}}],"inLanguage":"es-CL"},{"@type":"Organization","@id":"https:\/\/www.hessmay.cl\/#organization","name":"Hessmay, Reloj Control de asistencia, Reloj control de Guardias, Control por Geolocalizaci\u00f3n, Control de Guardias,","url":"https:\/\/www.hessmay.cl\/","logo":{"@type":"ImageObject","inLanguage":"es-CL","@id":"https:\/\/www.hessmay.cl\/#\/schema\/logo\/image\/","url":"https:\/\/www.hessmay.cl\/wp-content\/uploads\/2024\/01\/logoHM01.png","contentUrl":"https:\/\/www.hessmay.cl\/wp-content\/uploads\/2024\/01\/logoHM01.png","width":403,"height":190,"caption":"Hessmay, Reloj Control de asistencia, Reloj control de Guardias, Control por Geolocalizaci\u00f3n, Control de Guardias,"},"image":{"@id":"https:\/\/www.hessmay.cl\/#\/schema\/logo\/image\/"},"sameAs":["https:\/\/www.instagram.com\/hessmay_\/"]}]}},"_links":{"self":[{"href":"https:\/\/www.hessmay.cl\/index.php\/wp-json\/wp\/v2\/product\/4776","targetHints":{"allow":["GET"]}}],"collection":[{"href":"https:\/\/www.hessmay.cl\/index.php\/wp-json\/wp\/v2\/product"}],"about":[{"href":"https:\/\/www.hessmay.cl\/index.php\/wp-json\/wp\/v2\/types\/product"}],"replies":[{"embeddable":true,"href":"https:\/\/www.hessmay.cl\/index.php\/wp-json\/wp\/v2\/comments?post=4776"}],"wp:featuredmedia":[{"embeddable":true,"href":"https:\/\/www.hessmay.cl\/index.php\/wp-json\/wp\/v2\/media\/4969"}],"wp:attachment":[{"href":"https:\/\/www.hessmay.cl\/index.php\/wp-json\/wp\/v2\/media?parent=4776"}],"wp:term":[{"taxonomy":"product_brand","embeddable":true,"href":"https:\/\/www.hessmay.cl\/index.php\/wp-json\/wp\/v2\/product_brand?post=4776"},{"taxonomy":"product_cat","embeddable":true,"href":"https:\/\/www.hessmay.cl\/index.php\/wp-json\/wp\/v2\/product_cat?post=4776"},{"taxonomy":"product_tag","embeddable":true,"href":"https:\/\/www.hessmay.cl\/index.php\/wp-json\/wp\/v2\/product_tag?post=4776"}],"curies":[{"name":"wp","href":"https:\/\/api.w.org\/{rel}","templated":true}]}}