{"id":4764,"date":"2024-01-13T20:26:11","date_gmt":"2024-01-13T23:26:11","guid":{"rendered":"https:\/\/www.grupocomunicacional.cl\/hessmay_web\/product\/reloj-control-asistencia-bio-face-copy\/"},"modified":"2025-11-26T14:06:27","modified_gmt":"2025-11-26T17:06:27","slug":"reloj-control-asistencia-bioskan","status":"publish","type":"product","link":"https:\/\/www.hessmay.cl\/index.php\/producto\/reloj-control-asistencia-bioskan\/","title":{"rendered":"RELOJ CONTROL ASISTENCIA BIOSKAN"},"content":{"rendered":"<div class=\"wpb-content-wrapper\"><p>[vc_row][vc_column][vc_column_text css=&#8221;&#8221;]<img loading=\"lazy\" decoding=\"async\" class=\"alignnone wp-image-4594 size-full\" src=\"https:\/\/www.hessmay.cl\/wp-content\/uploads\/2020\/12\/clientesASIS.jpg\" alt=\"\" width=\"672\" height=\"441\" srcset=\"https:\/\/www.hessmay.cl\/wp-content\/uploads\/2020\/12\/clientesASIS.jpg 672w, https:\/\/www.hessmay.cl\/wp-content\/uploads\/2020\/12\/clientesASIS-640x420.jpg 640w, https:\/\/www.hessmay.cl\/wp-content\/uploads\/2020\/12\/clientesASIS-400x263.jpg 400w, https:\/\/www.hessmay.cl\/wp-content\/uploads\/2020\/12\/clientesASIS-367x241.jpg 367w, https:\/\/www.hessmay.cl\/wp-content\/uploads\/2020\/12\/clientesASIS-560x367.jpg 560w, https:\/\/www.hessmay.cl\/wp-content\/uploads\/2020\/12\/clientesASIS-600x394.jpg 600w\" sizes=\"auto, (max-width: 672px) 100vw, 672px\" \/>[\/vc_column_text][\/vc_column][\/vc_row]<\/p>\n<\/div>","protected":false},"excerpt":{"rendered":"<p><strong><span style=\"font-size: 18px; color: #ff6600;\">Sin Arriendos ni pagos Mensuales<\/span><\/strong><\/p>\n<p><strong>Control Asistencia, conforme a Dir. Trabajo<br \/>\n<\/strong><strong>Resoluci\u00f3n N\u00ba38 Art. 2 Soporte Papel<\/p>\n<p><\/strong><strong>300<\/strong>\u00a0Usuarios<br \/>\n<strong>Huella \/ Tarjeta RFID \/ Clave<\/strong><br \/>\n<strong>Unidad de Respaldo Integrada<\/strong><br \/>\nVelocidad lectura &lt; 2 seg<br \/>\n<strong>Pantalla\u00a0 Color LCD 2.4&#8243; Men\u00fa v\u00eda Teclado<\/strong><br \/>\nComunicaci\u00f3n TCP\/IP o RS232<br \/>\n<strong>Conexi\u00f3n impresora de tickets<\/strong><br \/>\nSalida de datos a Pendrive<br \/>\nPortal web-server<br \/>\n<strong>Confirmaci\u00f3n de huella por voz<\/strong><br \/>\nBuffer 30.000 registros<br \/>\nDimensiones:\u00a0 200 x 160 x 50 mm<\/p>\n<hr \/>\n<p><strong>Libro Asistencia Electr\u00f3nico HM Attendance para Windows<\/strong><\/p>\n<p>Impresi\u00f3n semanal y mensual del libro de Asistencia, para Horarios Fijos, Rotativos, Atrasos, Licencias M\u00e9dicas Permisos, Inasistencias, Control\u00a0 de horas Extras, Normales, Semanales y Mensuales.<br \/>\nMultiempresa, Multiusuario, Multilectura, Carga Masiva de datos, Exportaci\u00f3n datos a Excel.<br \/>\nAuditor de Movimientos, Acoplamiento a Sistema de Remuneraciones Softland.<\/p>\n<p><strong>Libro Asistencia Electr\u00f3nico ASIS<\/strong> <strong>PROFESIONAL<\/strong>, idem anterior pero incorpora el control de colaciones variables y horarios flexibles.<\/p>\n","protected":false},"featured_media":5361,"comment_status":"open","ping_status":"closed","template":"","meta":{"_joinchat":{"telephone":"+56962351451","message_text":"Necesitas consultar por {PRODUCT}"}},"product_brand":[],"product_cat":[35,94],"product_tag":[],"class_list":{"0":"post-4764","1":"product","2":"type-product","3":"status-publish","4":"has-post-thumbnail","6":"product_cat-reloj-control-de-asistencia","7":"product_cat-todos-los-productos","9":"first","10":"instock","11":"featured","12":"shipping-taxable","13":"product-type-simple"},"yoast_head":"<!-- This site is optimized with the Yoast SEO plugin v26.4 - https:\/\/yoast.com\/wordpress\/plugins\/seo\/ -->\n<title>RELOJ CONTROL ASISTENCIA BIOSKAN<\/title>\n<meta name=\"robots\" content=\"index, follow, max-snippet:-1, max-image-preview:large, max-video-preview:-1\" \/>\n<link rel=\"canonical\" href=\"https:\/\/www.hessmay.cl\/index.php\/producto\/reloj-control-asistencia-bioskan\/\" \/>\n<meta property=\"og:locale\" content=\"es_ES\" \/>\n<meta property=\"og:type\" content=\"article\" \/>\n<meta property=\"og:title\" content=\"RELOJ CONTROL ASISTENCIA BIOSKAN\" \/>\n<meta property=\"og:description\" content=\"Sin Arriendos ni pagos Mensuales  Control Asistencia, conforme a Dir. Trabajo Resoluci\u00f3n N\u00ba38 Art. 2 Soporte Papel  300\u00a0Usuarios Huella \/ Tarjeta RFID \/ Clave Unidad de Respaldo Integrada Velocidad lectura &lt; 2 seg Pantalla\u00a0 Color LCD 2.4&quot; Men\u00fa v\u00eda Teclado Comunicaci\u00f3n TCP\/IP o RS232 Conexi\u00f3n impresora de tickets Salida de datos a Pendrive Portal web-server Confirmaci\u00f3n de huella por voz Buffer 30.000 registros Dimensiones:\u00a0 200 x 160 x 50 mm    Libro Asistencia Electr\u00f3nico HM Attendance para Windows  Impresi\u00f3n semanal y mensual del libro de Asistencia, para Horarios Fijos, Rotativos, Atrasos, Licencias M\u00e9dicas Permisos, Inasistencias, Control\u00a0 de horas Extras, Normales, Semanales y Mensuales. Multiempresa, Multiusuario, Multilectura, Carga Masiva de datos, Exportaci\u00f3n datos a Excel. Auditor de Movimientos, Acoplamiento a Sistema de Remuneraciones Softland.  Libro Asistencia Electr\u00f3nico ASIS PROFESIONAL, idem anterior pero incorpora el control de colaciones variables y horarios flexibles.\" \/>\n<meta property=\"og:url\" content=\"https:\/\/www.hessmay.cl\/index.php\/producto\/reloj-control-asistencia-bioskan\/\" \/>\n<meta property=\"og:site_name\" content=\"Hessmay, Reloj Control de asistencia, Reloj control de Guardias, Control por Geolocalizaci\u00f3n, Control de Guardias,\" \/>\n<meta property=\"article:publisher\" content=\"https:\/\/www.instagram.com\/hessmay_\/\" \/>\n<meta property=\"article:modified_time\" content=\"2025-11-26T17:06:27+00:00\" \/>\n<meta property=\"og:image\" content=\"https:\/\/www.hessmay.cl\/wp-content\/uploads\/2023\/12\/bioskan.jpg\" \/>\n\t<meta property=\"og:image:width\" content=\"300\" \/>\n\t<meta property=\"og:image:height\" content=\"300\" \/>\n\t<meta property=\"og:image:type\" content=\"image\/jpeg\" \/>\n<meta name=\"twitter:card\" content=\"summary_large_image\" \/>\n<meta name=\"twitter:label1\" content=\"Tiempo estimado de lectura\" \/>\n\t<meta name=\"twitter:data1\" content=\"1 minuto\" \/>\n<script type=\"application\/ld+json\" class=\"yoast-schema-graph\">{\"@context\":\"https:\/\/schema.org\",\"@graph\":[{\"@type\":\"WebPage\",\"@id\":\"https:\/\/www.hessmay.cl\/index.php\/producto\/reloj-control-asistencia-bioskan\/\",\"url\":\"https:\/\/www.hessmay.cl\/index.php\/producto\/reloj-control-asistencia-bioskan\/\",\"name\":\"RELOJ CONTROL ASISTENCIA BIOSKAN\",\"isPartOf\":{\"@id\":\"https:\/\/www.hessmay.cl\/#website\"},\"primaryImageOfPage\":{\"@id\":\"https:\/\/www.hessmay.cl\/index.php\/producto\/reloj-control-asistencia-bioskan\/#primaryimage\"},\"image\":{\"@id\":\"https:\/\/www.hessmay.cl\/index.php\/producto\/reloj-control-asistencia-bioskan\/#primaryimage\"},\"thumbnailUrl\":\"https:\/\/www.hessmay.cl\/wp-content\/uploads\/2023\/12\/bioskan.jpg\",\"datePublished\":\"2024-01-13T23:26:11+00:00\",\"dateModified\":\"2025-11-26T17:06:27+00:00\",\"breadcrumb\":{\"@id\":\"https:\/\/www.hessmay.cl\/index.php\/producto\/reloj-control-asistencia-bioskan\/#breadcrumb\"},\"inLanguage\":\"es-CL\",\"potentialAction\":[{\"@type\":\"ReadAction\",\"target\":[\"https:\/\/www.hessmay.cl\/index.php\/producto\/reloj-control-asistencia-bioskan\/\"]}]},{\"@type\":\"ImageObject\",\"inLanguage\":\"es-CL\",\"@id\":\"https:\/\/www.hessmay.cl\/index.php\/producto\/reloj-control-asistencia-bioskan\/#primaryimage\",\"url\":\"https:\/\/www.hessmay.cl\/wp-content\/uploads\/2023\/12\/bioskan.jpg\",\"contentUrl\":\"https:\/\/www.hessmay.cl\/wp-content\/uploads\/2023\/12\/bioskan.jpg\",\"width\":300,\"height\":300},{\"@type\":\"BreadcrumbList\",\"@id\":\"https:\/\/www.hessmay.cl\/index.php\/producto\/reloj-control-asistencia-bioskan\/#breadcrumb\",\"itemListElement\":[{\"@type\":\"ListItem\",\"position\":1,\"name\":\"Home\",\"item\":\"https:\/\/www.hessmay.cl\/\"},{\"@type\":\"ListItem\",\"position\":2,\"name\":\"Shop\",\"item\":\"https:\/\/www.hessmay.cl\/index.php\/shop\/\"},{\"@type\":\"ListItem\",\"position\":3,\"name\":\"RELOJ CONTROL ASISTENCIA BIOSKAN\"}]},{\"@type\":\"WebSite\",\"@id\":\"https:\/\/www.hessmay.cl\/#website\",\"url\":\"https:\/\/www.hessmay.cl\/\",\"name\":\"Hessmay, Reloj Control de asistencia, Reloj control de Guardias, Control por Geolocalizaci\u00f3n, Control de Guardias,\",\"description\":\"Sistemas de control de personal\",\"publisher\":{\"@id\":\"https:\/\/www.hessmay.cl\/#organization\"},\"potentialAction\":[{\"@type\":\"SearchAction\",\"target\":{\"@type\":\"EntryPoint\",\"urlTemplate\":\"https:\/\/www.hessmay.cl\/?s={search_term_string}\"},\"query-input\":{\"@type\":\"PropertyValueSpecification\",\"valueRequired\":true,\"valueName\":\"search_term_string\"}}],\"inLanguage\":\"es-CL\"},{\"@type\":\"Organization\",\"@id\":\"https:\/\/www.hessmay.cl\/#organization\",\"name\":\"Hessmay, Reloj Control de asistencia, Reloj control de Guardias, Control por Geolocalizaci\u00f3n, Control de Guardias,\",\"url\":\"https:\/\/www.hessmay.cl\/\",\"logo\":{\"@type\":\"ImageObject\",\"inLanguage\":\"es-CL\",\"@id\":\"https:\/\/www.hessmay.cl\/#\/schema\/logo\/image\/\",\"url\":\"https:\/\/www.hessmay.cl\/wp-content\/uploads\/2024\/01\/logoHM01.png\",\"contentUrl\":\"https:\/\/www.hessmay.cl\/wp-content\/uploads\/2024\/01\/logoHM01.png\",\"width\":403,\"height\":190,\"caption\":\"Hessmay, Reloj Control de asistencia, Reloj control de Guardias, Control por Geolocalizaci\u00f3n, Control de Guardias,\"},\"image\":{\"@id\":\"https:\/\/www.hessmay.cl\/#\/schema\/logo\/image\/\"},\"sameAs\":[\"https:\/\/www.instagram.com\/hessmay_\/\"]}]}<\/script>\n<!-- \/ Yoast SEO plugin. -->","yoast_head_json":{"title":"RELOJ CONTROL ASISTENCIA BIOSKAN","robots":{"index":"index","follow":"follow","max-snippet":"max-snippet:-1","max-image-preview":"max-image-preview:large","max-video-preview":"max-video-preview:-1"},"canonical":"https:\/\/www.hessmay.cl\/index.php\/producto\/reloj-control-asistencia-bioskan\/","og_locale":"es_ES","og_type":"article","og_title":"RELOJ CONTROL ASISTENCIA BIOSKAN","og_description":"Sin Arriendos ni pagos Mensuales  Control Asistencia, conforme a Dir. Trabajo Resoluci\u00f3n N\u00ba38 Art. 2 Soporte Papel  300\u00a0Usuarios Huella \/ Tarjeta RFID \/ Clave Unidad de Respaldo Integrada Velocidad lectura &lt; 2 seg Pantalla\u00a0 Color LCD 2.4\" Men\u00fa v\u00eda Teclado Comunicaci\u00f3n TCP\/IP o RS232 Conexi\u00f3n impresora de tickets Salida de datos a Pendrive Portal web-server Confirmaci\u00f3n de huella por voz Buffer 30.000 registros Dimensiones:\u00a0 200 x 160 x 50 mm    Libro Asistencia Electr\u00f3nico HM Attendance para Windows  Impresi\u00f3n semanal y mensual del libro de Asistencia, para Horarios Fijos, Rotativos, Atrasos, Licencias M\u00e9dicas Permisos, Inasistencias, Control\u00a0 de horas Extras, Normales, Semanales y Mensuales. Multiempresa, Multiusuario, Multilectura, Carga Masiva de datos, Exportaci\u00f3n datos a Excel. Auditor de Movimientos, Acoplamiento a Sistema de Remuneraciones Softland.  Libro Asistencia Electr\u00f3nico ASIS PROFESIONAL, idem anterior pero incorpora el control de colaciones variables y horarios flexibles.","og_url":"https:\/\/www.hessmay.cl\/index.php\/producto\/reloj-control-asistencia-bioskan\/","og_site_name":"Hessmay, Reloj Control de asistencia, Reloj control de Guardias, Control por Geolocalizaci\u00f3n, Control de Guardias,","article_publisher":"https:\/\/www.instagram.com\/hessmay_\/","article_modified_time":"2025-11-26T17:06:27+00:00","og_image":[{"width":300,"height":300,"url":"https:\/\/www.hessmay.cl\/wp-content\/uploads\/2023\/12\/bioskan.jpg","type":"image\/jpeg"}],"twitter_card":"summary_large_image","twitter_misc":{"Tiempo estimado de lectura":"1 minuto"},"schema":{"@context":"https:\/\/schema.org","@graph":[{"@type":"WebPage","@id":"https:\/\/www.hessmay.cl\/index.php\/producto\/reloj-control-asistencia-bioskan\/","url":"https:\/\/www.hessmay.cl\/index.php\/producto\/reloj-control-asistencia-bioskan\/","name":"RELOJ CONTROL ASISTENCIA BIOSKAN","isPartOf":{"@id":"https:\/\/www.hessmay.cl\/#website"},"primaryImageOfPage":{"@id":"https:\/\/www.hessmay.cl\/index.php\/producto\/reloj-control-asistencia-bioskan\/#primaryimage"},"image":{"@id":"https:\/\/www.hessmay.cl\/index.php\/producto\/reloj-control-asistencia-bioskan\/#primaryimage"},"thumbnailUrl":"https:\/\/www.hessmay.cl\/wp-content\/uploads\/2023\/12\/bioskan.jpg","datePublished":"2024-01-13T23:26:11+00:00","dateModified":"2025-11-26T17:06:27+00:00","breadcrumb":{"@id":"https:\/\/www.hessmay.cl\/index.php\/producto\/reloj-control-asistencia-bioskan\/#breadcrumb"},"inLanguage":"es-CL","potentialAction":[{"@type":"ReadAction","target":["https:\/\/www.hessmay.cl\/index.php\/producto\/reloj-control-asistencia-bioskan\/"]}]},{"@type":"ImageObject","inLanguage":"es-CL","@id":"https:\/\/www.hessmay.cl\/index.php\/producto\/reloj-control-asistencia-bioskan\/#primaryimage","url":"https:\/\/www.hessmay.cl\/wp-content\/uploads\/2023\/12\/bioskan.jpg","contentUrl":"https:\/\/www.hessmay.cl\/wp-content\/uploads\/2023\/12\/bioskan.jpg","width":300,"height":300},{"@type":"BreadcrumbList","@id":"https:\/\/www.hessmay.cl\/index.php\/producto\/reloj-control-asistencia-bioskan\/#breadcrumb","itemListElement":[{"@type":"ListItem","position":1,"name":"Home","item":"https:\/\/www.hessmay.cl\/"},{"@type":"ListItem","position":2,"name":"Shop","item":"https:\/\/www.hessmay.cl\/index.php\/shop\/"},{"@type":"ListItem","position":3,"name":"RELOJ CONTROL ASISTENCIA BIOSKAN"}]},{"@type":"WebSite","@id":"https:\/\/www.hessmay.cl\/#website","url":"https:\/\/www.hessmay.cl\/","name":"Hessmay, Reloj Control de asistencia, Reloj control de Guardias, Control por Geolocalizaci\u00f3n, Control de Guardias,","description":"Sistemas de control de personal","publisher":{"@id":"https:\/\/www.hessmay.cl\/#organization"},"potentialAction":[{"@type":"SearchAction","target":{"@type":"EntryPoint","urlTemplate":"https:\/\/www.hessmay.cl\/?s={search_term_string}"},"query-input":{"@type":"PropertyValueSpecification","valueRequired":true,"valueName":"search_term_string"}}],"inLanguage":"es-CL"},{"@type":"Organization","@id":"https:\/\/www.hessmay.cl\/#organization","name":"Hessmay, Reloj Control de asistencia, Reloj control de Guardias, Control por Geolocalizaci\u00f3n, Control de Guardias,","url":"https:\/\/www.hessmay.cl\/","logo":{"@type":"ImageObject","inLanguage":"es-CL","@id":"https:\/\/www.hessmay.cl\/#\/schema\/logo\/image\/","url":"https:\/\/www.hessmay.cl\/wp-content\/uploads\/2024\/01\/logoHM01.png","contentUrl":"https:\/\/www.hessmay.cl\/wp-content\/uploads\/2024\/01\/logoHM01.png","width":403,"height":190,"caption":"Hessmay, Reloj Control de asistencia, Reloj control de Guardias, Control por Geolocalizaci\u00f3n, Control de Guardias,"},"image":{"@id":"https:\/\/www.hessmay.cl\/#\/schema\/logo\/image\/"},"sameAs":["https:\/\/www.instagram.com\/hessmay_\/"]}]}},"_links":{"self":[{"href":"https:\/\/www.hessmay.cl\/index.php\/wp-json\/wp\/v2\/product\/4764","targetHints":{"allow":["GET"]}}],"collection":[{"href":"https:\/\/www.hessmay.cl\/index.php\/wp-json\/wp\/v2\/product"}],"about":[{"href":"https:\/\/www.hessmay.cl\/index.php\/wp-json\/wp\/v2\/types\/product"}],"replies":[{"embeddable":true,"href":"https:\/\/www.hessmay.cl\/index.php\/wp-json\/wp\/v2\/comments?post=4764"}],"wp:featuredmedia":[{"embeddable":true,"href":"https:\/\/www.hessmay.cl\/index.php\/wp-json\/wp\/v2\/media\/5361"}],"wp:attachment":[{"href":"https:\/\/www.hessmay.cl\/index.php\/wp-json\/wp\/v2\/media?parent=4764"}],"wp:term":[{"taxonomy":"product_brand","embeddable":true,"href":"https:\/\/www.hessmay.cl\/index.php\/wp-json\/wp\/v2\/product_brand?post=4764"},{"taxonomy":"product_cat","embeddable":true,"href":"https:\/\/www.hessmay.cl\/index.php\/wp-json\/wp\/v2\/product_cat?post=4764"},{"taxonomy":"product_tag","embeddable":true,"href":"https:\/\/www.hessmay.cl\/index.php\/wp-json\/wp\/v2\/product_tag?post=4764"}],"curies":[{"name":"wp","href":"https:\/\/api.w.org\/{rel}","templated":true}]}}