{"id":279,"date":"2023-12-26T14:10:34","date_gmt":"2023-12-26T17:10:34","guid":{"rendered":"http:\/\/sw-themes.com\/porto_dummy\/?post_type=product&#038;p=279"},"modified":"2025-11-26T14:05:11","modified_gmt":"2025-11-26T17:05:11","slug":"reloj-control-asistencia-bioface","status":"publish","type":"product","link":"https:\/\/www.hessmay.cl\/index.php\/producto\/reloj-control-asistencia-bioface\/","title":{"rendered":"RELOJ CONTROL ASISTENCIA BIOFACE"},"content":{"rendered":"<div class=\"wpb-content-wrapper\"><p>[vc_row][vc_column][vc_column_text css=&#8221;&#8221;]<img loading=\"lazy\" decoding=\"async\" class=\"alignnone wp-image-4594 size-full\" src=\"https:\/\/www.hessmay.cl\/wp-content\/uploads\/2020\/12\/clientesASIS.jpg\" alt=\"\" width=\"672\" height=\"441\" srcset=\"https:\/\/www.hessmay.cl\/wp-content\/uploads\/2020\/12\/clientesASIS.jpg 672w, https:\/\/www.hessmay.cl\/wp-content\/uploads\/2020\/12\/clientesASIS-640x420.jpg 640w, https:\/\/www.hessmay.cl\/wp-content\/uploads\/2020\/12\/clientesASIS-400x263.jpg 400w, https:\/\/www.hessmay.cl\/wp-content\/uploads\/2020\/12\/clientesASIS-367x241.jpg 367w, https:\/\/www.hessmay.cl\/wp-content\/uploads\/2020\/12\/clientesASIS-560x367.jpg 560w, https:\/\/www.hessmay.cl\/wp-content\/uploads\/2020\/12\/clientesASIS-600x394.jpg 600w\" sizes=\"auto, (max-width: 672px) 100vw, 672px\" \/>[\/vc_column_text][\/vc_column][\/vc_row]<\/p>\n<\/div>","protected":false},"excerpt":{"rendered":"<p><span style=\"font-size: 18px; color: #ff6600;\"><strong>Sin Arriendos ni pagos Mensuales<\/strong><\/span><\/p>\n<p><strong>Control Asistencia, conforme a Dir. Trabajo<br \/>\n<\/strong><strong>Resoluci\u00f3n N\u00ba38 Art.2 Soporte Papel<\/p>\n<p><\/strong><strong>1.200<\/strong>\u00a0usuarios por rostro<br \/>\n3.000 usuarios por huellas dactilares<br \/>\n<strong>Modos de acceso: Rostro \/ Huella combinables<\/strong><br \/>\nComunicaci\u00f3n TCP\/IP o RS232<br \/>\nPortal web-server<br \/>\nVelocidad de lectura &lt; 2 seg.<br \/>\n<strong>Unidad de respaldo integrada 6 hrs \/ 2000mAh, Litio-Ion<\/strong><br \/>\n<strong>Salida conexi\u00f3n impresora de tickets<\/strong><br \/>\nSalida de datos a Pendrive<br \/>\nConfirmaci\u00f3n de imagen por voz<br \/>\nBuffer 100.000 registros<br \/>\nSalida para accionamiento de puerta<br \/>\nC\u00e1mara Infraroja High definition<br \/>\n<strong>Pantalla color TFT 4.3&#8243; Men\u00fa Touch Screen<\/strong><br \/>\nDimensiones: 195 x 165 x 110 mm<\/p>\n<hr \/>\n<p><strong>Libro Asistencia Electr\u00f3nico HM Attendance para Windows<\/strong><\/p>\n<p>Impresi\u00f3n semanal y mensual del libro de Asistencia, para Horarios Fijos, Rotativos, Atrasos, Licencias M\u00e9dicas Permisos, Inasistencias, Control\u00a0 de horas Extras, Normales, Semanales y Mensuales.<br \/>\nMultiempresa, Multiusuario, Multilectura, Carga Masiva de datos, Exportaci\u00f3n datos a Excel.<br \/>\nAuditor de Movimientos, Acoplamiento a Sistema de Remuneraciones Softland.<\/p>\n<p><strong>Libro Asistencia Electr\u00f3nico ASIS<\/strong>\u00a0<strong>PROFESIONAL<\/strong>, idem anterior pero incorpora el control de colaciones variables y horarios flexibles.<\/p>\n<hr \/>\n<p><strong>IMPRESORA DE TICKETS<\/strong><\/p>\n<p>Mural, autocorte, impresi\u00f3n t\u00e9rmica, alto tr\u00e1fico, rendimiento 800 tickets el rollo, incomparable calidad, velocidad y duraci\u00f3n respecto del mercado.<\/p>\n<p><img loading=\"lazy\" decoding=\"async\" class=\"alignnone wp-image-4595 size-medium\" src=\"https:\/\/www.hessmay.cl\/wp-content\/uploads\/2020\/12\/impresora_tickets-290x300.jpg\" alt=\"\" width=\"290\" height=\"300\" \/><\/p>\n","protected":false},"featured_media":4596,"comment_status":"open","ping_status":"closed","template":"","meta":{"_joinchat":{"telephone":"+56962351451","message_text":"Necesitas consultar por {PRODUCT}"}},"product_brand":[],"product_cat":[35,94],"product_tag":[],"class_list":{"0":"post-279","1":"product","2":"type-product","3":"status-publish","4":"has-post-thumbnail","6":"product_cat-reloj-control-de-asistencia","7":"product_cat-todos-los-productos","9":"first","10":"instock","11":"featured","12":"shipping-taxable","13":"product-type-simple"},"yoast_head":"<!-- This site is optimized with the Yoast SEO plugin v26.4 - https:\/\/yoast.com\/wordpress\/plugins\/seo\/ -->\n<title>RELOJ CONTROL ASISTENCIA BIOFACE<\/title>\n<meta name=\"robots\" content=\"index, follow, max-snippet:-1, max-image-preview:large, max-video-preview:-1\" \/>\n<link rel=\"canonical\" href=\"https:\/\/www.hessmay.cl\/index.php\/producto\/reloj-control-asistencia-bioface\/\" \/>\n<meta property=\"og:locale\" content=\"es_ES\" \/>\n<meta property=\"og:type\" content=\"article\" \/>\n<meta property=\"og:title\" content=\"RELOJ CONTROL ASISTENCIA BIOFACE\" \/>\n<meta property=\"og:description\" content=\"Sin Arriendos ni pagos Mensuales  Control Asistencia, conforme a Dir. Trabajo Resoluci\u00f3n N\u00ba38 Art.2 Soporte Papel  1.200\u00a0usuarios por rostro 3.000 usuarios por huellas dactilares Modos de acceso: Rostro \/ Huella combinables Comunicaci\u00f3n TCP\/IP o RS232 Portal web-server Velocidad de lectura &lt; 2 seg. Unidad de respaldo integrada 6 hrs \/ 2000mAh, Litio-Ion Salida conexi\u00f3n impresora de tickets Salida de datos a Pendrive Confirmaci\u00f3n de imagen por voz Buffer 100.000 registros Salida para accionamiento de puerta C\u00e1mara Infraroja High definition Pantalla color TFT 4.3&quot; Men\u00fa Touch Screen Dimensiones: 195 x 165 x 110 mm    Libro Asistencia Electr\u00f3nico HM Attendance para Windows  Impresi\u00f3n semanal y mensual del libro de Asistencia, para Horarios Fijos, Rotativos, Atrasos, Licencias M\u00e9dicas Permisos, Inasistencias, Control\u00a0 de horas Extras, Normales, Semanales y Mensuales. Multiempresa, Multiusuario, Multilectura, Carga Masiva de datos, Exportaci\u00f3n datos a Excel. Auditor de Movimientos, Acoplamiento a Sistema de Remuneraciones Softland.  Libro Asistencia Electr\u00f3nico ASIS\u00a0PROFESIONAL, idem anterior pero incorpora el control de colaciones variables y horarios flexibles.    IMPRESORA DE TICKETS  Mural, autocorte, impresi\u00f3n t\u00e9rmica, alto tr\u00e1fico, rendimiento 800 tickets el rollo, incomparable calidad, velocidad y duraci\u00f3n respecto del mercado.\" \/>\n<meta property=\"og:url\" content=\"https:\/\/www.hessmay.cl\/index.php\/producto\/reloj-control-asistencia-bioface\/\" \/>\n<meta property=\"og:site_name\" content=\"Hessmay, Reloj Control de asistencia, Reloj control de Guardias, Control por Geolocalizaci\u00f3n, Control de Guardias,\" \/>\n<meta property=\"article:publisher\" content=\"https:\/\/www.instagram.com\/hessmay_\/\" \/>\n<meta property=\"article:modified_time\" content=\"2025-11-26T17:05:11+00:00\" \/>\n<meta property=\"og:image\" content=\"https:\/\/www.hessmay.cl\/wp-content\/uploads\/2020\/12\/asistencia_bio_face.jpg\" \/>\n\t<meta property=\"og:image:width\" content=\"600\" \/>\n\t<meta property=\"og:image:height\" content=\"600\" \/>\n\t<meta property=\"og:image:type\" content=\"image\/jpeg\" \/>\n<meta name=\"twitter:card\" content=\"summary_large_image\" \/>\n<meta name=\"twitter:label1\" content=\"Tiempo estimado de lectura\" \/>\n\t<meta name=\"twitter:data1\" content=\"1 minuto\" \/>\n<script type=\"application\/ld+json\" class=\"yoast-schema-graph\">{\"@context\":\"https:\/\/schema.org\",\"@graph\":[{\"@type\":\"WebPage\",\"@id\":\"https:\/\/www.hessmay.cl\/index.php\/producto\/reloj-control-asistencia-bioface\/\",\"url\":\"https:\/\/www.hessmay.cl\/index.php\/producto\/reloj-control-asistencia-bioface\/\",\"name\":\"RELOJ CONTROL ASISTENCIA BIOFACE\",\"isPartOf\":{\"@id\":\"https:\/\/www.hessmay.cl\/#website\"},\"primaryImageOfPage\":{\"@id\":\"https:\/\/www.hessmay.cl\/index.php\/producto\/reloj-control-asistencia-bioface\/#primaryimage\"},\"image\":{\"@id\":\"https:\/\/www.hessmay.cl\/index.php\/producto\/reloj-control-asistencia-bioface\/#primaryimage\"},\"thumbnailUrl\":\"https:\/\/www.hessmay.cl\/wp-content\/uploads\/2020\/12\/asistencia_bio_face.jpg\",\"datePublished\":\"2023-12-26T17:10:34+00:00\",\"dateModified\":\"2025-11-26T17:05:11+00:00\",\"breadcrumb\":{\"@id\":\"https:\/\/www.hessmay.cl\/index.php\/producto\/reloj-control-asistencia-bioface\/#breadcrumb\"},\"inLanguage\":\"es-CL\",\"potentialAction\":[{\"@type\":\"ReadAction\",\"target\":[\"https:\/\/www.hessmay.cl\/index.php\/producto\/reloj-control-asistencia-bioface\/\"]}]},{\"@type\":\"ImageObject\",\"inLanguage\":\"es-CL\",\"@id\":\"https:\/\/www.hessmay.cl\/index.php\/producto\/reloj-control-asistencia-bioface\/#primaryimage\",\"url\":\"https:\/\/www.hessmay.cl\/wp-content\/uploads\/2020\/12\/asistencia_bio_face.jpg\",\"contentUrl\":\"https:\/\/www.hessmay.cl\/wp-content\/uploads\/2020\/12\/asistencia_bio_face.jpg\",\"width\":600,\"height\":600},{\"@type\":\"BreadcrumbList\",\"@id\":\"https:\/\/www.hessmay.cl\/index.php\/producto\/reloj-control-asistencia-bioface\/#breadcrumb\",\"itemListElement\":[{\"@type\":\"ListItem\",\"position\":1,\"name\":\"Home\",\"item\":\"https:\/\/www.hessmay.cl\/\"},{\"@type\":\"ListItem\",\"position\":2,\"name\":\"Shop\",\"item\":\"https:\/\/www.hessmay.cl\/index.php\/shop\/\"},{\"@type\":\"ListItem\",\"position\":3,\"name\":\"RELOJ CONTROL ASISTENCIA BIOFACE\"}]},{\"@type\":\"WebSite\",\"@id\":\"https:\/\/www.hessmay.cl\/#website\",\"url\":\"https:\/\/www.hessmay.cl\/\",\"name\":\"Hessmay, Reloj Control de asistencia, Reloj control de Guardias, Control por Geolocalizaci\u00f3n, Control de Guardias,\",\"description\":\"Sistemas de control de personal\",\"publisher\":{\"@id\":\"https:\/\/www.hessmay.cl\/#organization\"},\"potentialAction\":[{\"@type\":\"SearchAction\",\"target\":{\"@type\":\"EntryPoint\",\"urlTemplate\":\"https:\/\/www.hessmay.cl\/?s={search_term_string}\"},\"query-input\":{\"@type\":\"PropertyValueSpecification\",\"valueRequired\":true,\"valueName\":\"search_term_string\"}}],\"inLanguage\":\"es-CL\"},{\"@type\":\"Organization\",\"@id\":\"https:\/\/www.hessmay.cl\/#organization\",\"name\":\"Hessmay, Reloj Control de asistencia, Reloj control de Guardias, Control por Geolocalizaci\u00f3n, Control de Guardias,\",\"url\":\"https:\/\/www.hessmay.cl\/\",\"logo\":{\"@type\":\"ImageObject\",\"inLanguage\":\"es-CL\",\"@id\":\"https:\/\/www.hessmay.cl\/#\/schema\/logo\/image\/\",\"url\":\"https:\/\/www.hessmay.cl\/wp-content\/uploads\/2024\/01\/logoHM01.png\",\"contentUrl\":\"https:\/\/www.hessmay.cl\/wp-content\/uploads\/2024\/01\/logoHM01.png\",\"width\":403,\"height\":190,\"caption\":\"Hessmay, Reloj Control de asistencia, Reloj control de Guardias, Control por Geolocalizaci\u00f3n, Control de Guardias,\"},\"image\":{\"@id\":\"https:\/\/www.hessmay.cl\/#\/schema\/logo\/image\/\"},\"sameAs\":[\"https:\/\/www.instagram.com\/hessmay_\/\"]}]}<\/script>\n<!-- \/ Yoast SEO plugin. -->","yoast_head_json":{"title":"RELOJ CONTROL ASISTENCIA BIOFACE","robots":{"index":"index","follow":"follow","max-snippet":"max-snippet:-1","max-image-preview":"max-image-preview:large","max-video-preview":"max-video-preview:-1"},"canonical":"https:\/\/www.hessmay.cl\/index.php\/producto\/reloj-control-asistencia-bioface\/","og_locale":"es_ES","og_type":"article","og_title":"RELOJ CONTROL ASISTENCIA BIOFACE","og_description":"Sin Arriendos ni pagos Mensuales  Control Asistencia, conforme a Dir. Trabajo Resoluci\u00f3n N\u00ba38 Art.2 Soporte Papel  1.200\u00a0usuarios por rostro 3.000 usuarios por huellas dactilares Modos de acceso: Rostro \/ Huella combinables Comunicaci\u00f3n TCP\/IP o RS232 Portal web-server Velocidad de lectura &lt; 2 seg. Unidad de respaldo integrada 6 hrs \/ 2000mAh, Litio-Ion Salida conexi\u00f3n impresora de tickets Salida de datos a Pendrive Confirmaci\u00f3n de imagen por voz Buffer 100.000 registros Salida para accionamiento de puerta C\u00e1mara Infraroja High definition Pantalla color TFT 4.3\" Men\u00fa Touch Screen Dimensiones: 195 x 165 x 110 mm    Libro Asistencia Electr\u00f3nico HM Attendance para Windows  Impresi\u00f3n semanal y mensual del libro de Asistencia, para Horarios Fijos, Rotativos, Atrasos, Licencias M\u00e9dicas Permisos, Inasistencias, Control\u00a0 de horas Extras, Normales, Semanales y Mensuales. Multiempresa, Multiusuario, Multilectura, Carga Masiva de datos, Exportaci\u00f3n datos a Excel. Auditor de Movimientos, Acoplamiento a Sistema de Remuneraciones Softland.  Libro Asistencia Electr\u00f3nico ASIS\u00a0PROFESIONAL, idem anterior pero incorpora el control de colaciones variables y horarios flexibles.    IMPRESORA DE TICKETS  Mural, autocorte, impresi\u00f3n t\u00e9rmica, alto tr\u00e1fico, rendimiento 800 tickets el rollo, incomparable calidad, velocidad y duraci\u00f3n respecto del mercado.","og_url":"https:\/\/www.hessmay.cl\/index.php\/producto\/reloj-control-asistencia-bioface\/","og_site_name":"Hessmay, Reloj Control de asistencia, Reloj control de Guardias, Control por Geolocalizaci\u00f3n, Control de Guardias,","article_publisher":"https:\/\/www.instagram.com\/hessmay_\/","article_modified_time":"2025-11-26T17:05:11+00:00","og_image":[{"width":600,"height":600,"url":"https:\/\/www.hessmay.cl\/wp-content\/uploads\/2020\/12\/asistencia_bio_face.jpg","type":"image\/jpeg"}],"twitter_card":"summary_large_image","twitter_misc":{"Tiempo estimado de lectura":"1 minuto"},"schema":{"@context":"https:\/\/schema.org","@graph":[{"@type":"WebPage","@id":"https:\/\/www.hessmay.cl\/index.php\/producto\/reloj-control-asistencia-bioface\/","url":"https:\/\/www.hessmay.cl\/index.php\/producto\/reloj-control-asistencia-bioface\/","name":"RELOJ CONTROL ASISTENCIA BIOFACE","isPartOf":{"@id":"https:\/\/www.hessmay.cl\/#website"},"primaryImageOfPage":{"@id":"https:\/\/www.hessmay.cl\/index.php\/producto\/reloj-control-asistencia-bioface\/#primaryimage"},"image":{"@id":"https:\/\/www.hessmay.cl\/index.php\/producto\/reloj-control-asistencia-bioface\/#primaryimage"},"thumbnailUrl":"https:\/\/www.hessmay.cl\/wp-content\/uploads\/2020\/12\/asistencia_bio_face.jpg","datePublished":"2023-12-26T17:10:34+00:00","dateModified":"2025-11-26T17:05:11+00:00","breadcrumb":{"@id":"https:\/\/www.hessmay.cl\/index.php\/producto\/reloj-control-asistencia-bioface\/#breadcrumb"},"inLanguage":"es-CL","potentialAction":[{"@type":"ReadAction","target":["https:\/\/www.hessmay.cl\/index.php\/producto\/reloj-control-asistencia-bioface\/"]}]},{"@type":"ImageObject","inLanguage":"es-CL","@id":"https:\/\/www.hessmay.cl\/index.php\/producto\/reloj-control-asistencia-bioface\/#primaryimage","url":"https:\/\/www.hessmay.cl\/wp-content\/uploads\/2020\/12\/asistencia_bio_face.jpg","contentUrl":"https:\/\/www.hessmay.cl\/wp-content\/uploads\/2020\/12\/asistencia_bio_face.jpg","width":600,"height":600},{"@type":"BreadcrumbList","@id":"https:\/\/www.hessmay.cl\/index.php\/producto\/reloj-control-asistencia-bioface\/#breadcrumb","itemListElement":[{"@type":"ListItem","position":1,"name":"Home","item":"https:\/\/www.hessmay.cl\/"},{"@type":"ListItem","position":2,"name":"Shop","item":"https:\/\/www.hessmay.cl\/index.php\/shop\/"},{"@type":"ListItem","position":3,"name":"RELOJ CONTROL ASISTENCIA BIOFACE"}]},{"@type":"WebSite","@id":"https:\/\/www.hessmay.cl\/#website","url":"https:\/\/www.hessmay.cl\/","name":"Hessmay, Reloj Control de asistencia, Reloj control de Guardias, Control por Geolocalizaci\u00f3n, Control de Guardias,","description":"Sistemas de control de personal","publisher":{"@id":"https:\/\/www.hessmay.cl\/#organization"},"potentialAction":[{"@type":"SearchAction","target":{"@type":"EntryPoint","urlTemplate":"https:\/\/www.hessmay.cl\/?s={search_term_string}"},"query-input":{"@type":"PropertyValueSpecification","valueRequired":true,"valueName":"search_term_string"}}],"inLanguage":"es-CL"},{"@type":"Organization","@id":"https:\/\/www.hessmay.cl\/#organization","name":"Hessmay, Reloj Control de asistencia, Reloj control de Guardias, Control por Geolocalizaci\u00f3n, Control de Guardias,","url":"https:\/\/www.hessmay.cl\/","logo":{"@type":"ImageObject","inLanguage":"es-CL","@id":"https:\/\/www.hessmay.cl\/#\/schema\/logo\/image\/","url":"https:\/\/www.hessmay.cl\/wp-content\/uploads\/2024\/01\/logoHM01.png","contentUrl":"https:\/\/www.hessmay.cl\/wp-content\/uploads\/2024\/01\/logoHM01.png","width":403,"height":190,"caption":"Hessmay, Reloj Control de asistencia, Reloj control de Guardias, Control por Geolocalizaci\u00f3n, Control de Guardias,"},"image":{"@id":"https:\/\/www.hessmay.cl\/#\/schema\/logo\/image\/"},"sameAs":["https:\/\/www.instagram.com\/hessmay_\/"]}]}},"_links":{"self":[{"href":"https:\/\/www.hessmay.cl\/index.php\/wp-json\/wp\/v2\/product\/279","targetHints":{"allow":["GET"]}}],"collection":[{"href":"https:\/\/www.hessmay.cl\/index.php\/wp-json\/wp\/v2\/product"}],"about":[{"href":"https:\/\/www.hessmay.cl\/index.php\/wp-json\/wp\/v2\/types\/product"}],"replies":[{"embeddable":true,"href":"https:\/\/www.hessmay.cl\/index.php\/wp-json\/wp\/v2\/comments?post=279"}],"wp:featuredmedia":[{"embeddable":true,"href":"https:\/\/www.hessmay.cl\/index.php\/wp-json\/wp\/v2\/media\/4596"}],"wp:attachment":[{"href":"https:\/\/www.hessmay.cl\/index.php\/wp-json\/wp\/v2\/media?parent=279"}],"wp:term":[{"taxonomy":"product_brand","embeddable":true,"href":"https:\/\/www.hessmay.cl\/index.php\/wp-json\/wp\/v2\/product_brand?post=279"},{"taxonomy":"product_cat","embeddable":true,"href":"https:\/\/www.hessmay.cl\/index.php\/wp-json\/wp\/v2\/product_cat?post=279"},{"taxonomy":"product_tag","embeddable":true,"href":"https:\/\/www.hessmay.cl\/index.php\/wp-json\/wp\/v2\/product_tag?post=279"}],"curies":[{"name":"wp","href":"https:\/\/api.w.org\/{rel}","templated":true}]}}